{"id":9466,"date":"2021-01-09T12:19:10","date_gmt":"2021-01-09T09:19:10","guid":{"rendered":"https:\/\/www.igrek.com.tr\/?page_id=9466"},"modified":"2021-04-19T14:44:58","modified_gmt":"2021-04-19T11:44:58","slug":"modellbau","status":"publish","type":"page","link":"https:\/\/www.igrek.com.tr\/de\/produktion\/modellbau\/","title":{"rendered":"Modellbau"},"content":{"rendered":"<section class=\"l-section wpb_row height_medium color_primary with_img parallax_hor bgwidth_120\"><div class=\"l-section-img\" role=\"img\" aria-label=\"Bild\" data-img-width=\"2500\" data-img-height=\"768\" style=\"background-image: url(https:\/\/www.igrek.com.tr\/wp-content\/uploads\/2021\/01\/model-header.jpg);background-repeat: no-repeat;\"><\/div><div class=\"l-section-overlay\" style=\"background:rgba(2,2,2,0.5)\"><\/div><div class=\"l-section-h i-cf\"><div class=\"g-cols vc_row via_flex valign_top type_default stacking_default\"><div class=\"vc_col-sm-12 wpb_column vc_column_container\"><div class=\"vc_column-inner\"><div class=\"wpb_wrapper\"><div class=\"wpb_text_column\"><div class=\"wpb_wrapper\"><h1>Modellbau<\/h1>\n<\/div><\/div><\/div><\/div><\/div><\/div><\/div><\/section><section class=\"l-section wpb_row height_auto width_full type_sticky\"><div class=\"l-section-overlay\" style=\"background:#00bfff\"><\/div><div class=\"l-section-h i-cf\"><div class=\"g-cols vc_row via_flex valign_top type_default stacking_default\"><div class=\"vc_col-sm-12 wpb_column vc_column_container\"><div class=\"vc_column-inner\"><div class=\"wpb_wrapper\"><nav class=\"w-menu us_custom_eb849559 layout_hor style_blocks us_menu_1\" style=\"--main-ver-indent:0.5em;--main-hor-indent:1em;--main-color:#ffffff;--main-hover-bg-color:#ffffff;--main-hover-color:var(--color-content-text);--main-active-bg-color:var(--color-content-secondary);--main-active-color:#ffffff;\"><ul id=\"menu-model-menu-almanca\" class=\"menu\"><li id=\"menu-item-9541\" class=\"menu-item menu-item-type-custom menu-item-object-custom menu-item-9541\"><a href=\"#model\">Modellbau<\/a><\/li><li id=\"menu-item-9542\" class=\"menu-item menu-item-type-custom menu-item-object-custom menu-item-9542\"><a href=\"#machines\">Fr\u00e4smaschinen<\/a><\/li><li id=\"menu-item-9543\" class=\"menu-item menu-item-type-custom menu-item-object-custom menu-item-9543\"><a href=\"#products\">Modellbauprodukte<\/a><\/li><\/ul><style>@media ( max-width:600px ){.us_menu_1 .menu{display:block!important}.us_menu_1 .menu>li{margin:0 0 var(--main-gap,0)!important}}<\/style><\/nav><\/div><\/div><\/div><\/div><\/div><\/section><section class=\"l-section wpb_row height_auto width_full\" id=\"model\"><div class=\"l-section-h i-cf\"><div class=\"g-cols vc_row via_flex valign_middle type_boxes stacking_default\"><div class=\"vc_col-sm-6 wpb_column vc_column_container has_bg_color us_animate_afl\"><div class=\"vc_column-inner us_custom_94eb2c21\"><div class=\"wpb_wrapper\"><div class=\"w-separator size_custom\" style=\"height:400px\"><\/div><\/div><\/div><\/div><div class=\"vc_col-sm-6 wpb_column vc_column_container us_animate_afl\"><div class=\"vc_column-inner\"><div class=\"wpb_wrapper\"><div class=\"wpb_text_column\"><div class=\"wpb_wrapper\"><h2>Fertigungsreifer Produktions\u00admodellbau<\/h2>\n<p>\u0130\u011frek Makina gestaltet seine Produktion-Struktur und Investitionen gem\u00e4\u00df den Kundenanforderungen mit seiner Erfahrung und Alternative. Daher hat die Firma in 2003 die Modellbau Abteilung gegr\u00fcndet und technische Fachwissen und die Hochtechnologie zusammengestellt. Die neu gegr\u00fcndete Styropormodellfertigungsabteilung hat die Firma zu einem flexiblen, schnellen und qualifiziertem Lieferant der besten Gu\u00dfformteilehersteller gewandelt. Dies wurde besonders f\u00fcr die Schwerindustrie der Automobil Industrie, Energie und Maschinenhersteller entwickelt. Au\u00dferdem wurden w\u00e4hrend der Entwicklung der Prototype, Teile und Systemgestaltungen die Unterst\u00fctzungen der Forschungsuntermen und der Universit\u00e4ten genommen.<\/p>\n<\/div><\/div><\/div><\/div><\/div><\/div><\/div><\/section><section class=\"l-section wpb_row height_auto width_full\"><div class=\"l-section-h i-cf\"><div class=\"g-cols vc_row via_flex valign_middle type_boxes reversed stacking_default\"><div class=\"vc_col-sm-6 wpb_column vc_column_container us_animate_afr\"><div class=\"vc_column-inner\"><div class=\"wpb_wrapper\"><div class=\"wpb_text_column\"><div class=\"wpb_wrapper\"><h2>CAD-unterst\u00fctzte Modellbau-Produktion<\/h2>\n<p>Mit seiner gro\u00dfen Erfahrung auf \u201cVollformguss\u201d hat die Firma eine weltweit federf\u00fchrende und zuverl\u00e4ssige Position bei der Styropormodellfertigung gewonnen. Bei der Produktion werden CAD-CAM Software und 6 St\u00fcck CNC Styropor-Fr\u00e4smaschinen verwendet. Das Catia V5 Programm gew\u00e4hrleistet die Fachkenntnis, hohe Feinheit und Pr\u00e4zision. Die Firma arbeitet mit seiner Gie\u00dferei und eigene Metallurgie Experten um einwandfreie Gu\u00dfteile bei der Modellgestaltung zu erhalten. Die Firma \u00fcbernimmt das Design erst in korrekter Form von seinen Kunden und stellt mit seinen Experten die Styropormodelle mit hoher Produktivit\u00e4t, Zuverl\u00e4ssigkeit und Ma\u00dfen her.<\/p>\n<\/div><\/div><\/div><\/div><\/div><div class=\"vc_col-sm-6 wpb_column vc_column_container has_bg_color us_animate_afr\"><div class=\"vc_column-inner us_custom_9aba4acb\"><div class=\"wpb_wrapper\"><div class=\"w-separator size_custom\" style=\"height:400px\"><\/div><\/div><\/div><\/div><\/div><\/div><\/section><section class=\"l-section wpb_row height_medium width_full color_alternate\" id=\"machines\"><div class=\"l-section-h i-cf\"><div class=\"g-cols vc_row via_flex valign_middle type_default stacking_default\"><div class=\"vc_col-sm-12 wpb_column vc_column_container us_animate_afb\"><div class=\"vc_column-inner\"><div class=\"wpb_wrapper\"><div class=\"w-separator size_medium with_line width_default thick_1 style_solid color_border align_center with_text with_content\"><div class=\"w-separator-h\"><h2 class=\"w-separator-text\"><span>Fr\u00e4smaschinen<\/span><\/h2><\/div><\/div><div class=\"g-cols wpb_row via_flex valign_top type_boxes stacking_default\"><div class=\"vc_col-sm-12 wpb_column vc_column_container\"><div class=\"vc_column-inner\"><div class=\"wpb_wrapper\"><div class=\"wpb_text_column o-hid\"><div class=\"wpb_wrapper\"><h3>Fr\u00e4smaschinen<\/h3>\n<table border=\"0\" cellspacing=\"0\" cellpadding=\"0\">\n<thead>\n<tr>\n<td><strong>Hersteller<\/strong><\/td>\n<td><strong>Ursprung<\/strong><\/td>\n<td><strong>Steuerung<\/strong><\/td>\n<td colspan=\"3\"><strong>Abmessungen (mm)<\/strong><\/td>\n<\/tr>\n<tr>\n<td colspan=\"3\"><\/td>\n<td><strong>X<\/strong><\/td>\n<td><strong>Y<\/strong><\/td>\n<td><strong>Z<\/strong><\/td>\n<\/tr>\n<\/thead>\n<tbody>\n<tr>\n<td>Zimmermann FZ15S<\/td>\n<td>Deutschland<\/td>\n<td>Fidia<\/td>\n<td>6000<\/td>\n<td>4000<\/td>\n<td>2000<\/td>\n<\/tr>\n<tr>\n<td>IGREK \u00d6nc\u00fc 1<\/td>\n<td>T\u00fcrkei<\/td>\n<td>Siemens<\/td>\n<td>6000<\/td>\n<td>4000<\/td>\n<td>2000<\/td>\n<\/tr>\n<tr>\n<td>IGREK \u00d6nc\u00fc 2<\/td>\n<td>T\u00fcrkei<\/td>\n<td>Siemens<\/td>\n<td>6000<\/td>\n<td>4000<\/td>\n<td>2000<\/td>\n<\/tr>\n<tr>\n<td>IGREK \u00d6nc\u00fc 3<\/td>\n<td>T\u00fcrkei<\/td>\n<td>Siemens<\/td>\n<td>6000<\/td>\n<td>4000<\/td>\n<td>2000<\/td>\n<\/tr>\n<tr>\n<td>Vobau CNC<\/td>\n<td>Deutschland<\/td>\n<td>Heidenhein<\/td>\n<td>4500<\/td>\n<td>2400<\/td>\n<td>1400<\/td>\n<\/tr>\n<tr>\n<td>Vobau CNC<\/td>\n<td>Deutschland<\/td>\n<td>Fidia<\/td>\n<td>4000<\/td>\n<td>2400<\/td>\n<td>1400<\/td>\n<\/tr>\n<\/tbody>\n<\/table>\n<\/div><\/div><\/div><\/div><\/div><\/div><div class=\"g-cols wpb_row us_custom_4fb9e5a3 via_flex valign_top type_boxes stacking_default\"><div class=\"vc_col-sm-12 wpb_column vc_column_container\"><div class=\"vc_column-inner\"><div class=\"wpb_wrapper\"><div class=\"wpb_text_column o-hid\"><div class=\"wpb_wrapper\"><h3>Graviermaschinen F\u00fcr Modellzeichen<\/h3>\n<table border=\"0\" cellspacing=\"0\" cellpadding=\"0\">\n<thead>\n<tr>\n<td><strong>Hersteller<\/strong><\/td>\n<td><strong>Ursprung<\/strong><\/td>\n<td><strong>Steuerung<\/strong><\/td>\n<td colspan=\"3\"><strong>Abmessungen (mm)<\/strong><\/td>\n<\/tr>\n<tr>\n<td colspan=\"3\"><\/td>\n<td><strong>X<\/strong><\/td>\n<td><strong>Y<\/strong><\/td>\n<td><strong>Z<\/strong><\/td>\n<\/tr>\n<\/thead>\n<tbody>\n<tr>\n<td>ISEL<\/td>\n<td>Deutschland<\/td>\n<td>Mach2<\/td>\n<td>1000<\/td>\n<td>700<\/td>\n<td>150<\/td>\n<\/tr>\n<tr>\n<td>IGREK Mini HSC 1<\/td>\n<td>T\u00fcrkei<\/td>\n<td>Mitsubishi<\/td>\n<td>550<\/td>\n<td>550<\/td>\n<td>250<\/td>\n<\/tr>\n<tr>\n<td>IGREK Mini HSC 2<\/td>\n<td>T\u00fcrkei<\/td>\n<td>Mitsubishi<\/td>\n<td>550<\/td>\n<td>550<\/td>\n<td>250<\/td>\n<\/tr>\n<\/tbody>\n<\/table>\n<\/div><\/div><\/div><\/div><\/div><\/div><div class=\"g-cols wpb_row via_flex valign_top type_boxes stacking_default\"><div class=\"vc_col-sm-12 wpb_column vc_column_container\"><div class=\"vc_column-inner\"><div class=\"wpb_wrapper\"><div class=\"wpb_text_column o-hid\"><div class=\"wpb_wrapper\"><h3>Polystrol Schneideger\u00e4t Thermos\u00e4ge<\/h3>\n<table border=\"0\" cellspacing=\"0\" cellpadding=\"0\">\n<thead>\n<tr>\n<td><strong>Hersteller<\/strong><\/td>\n<td><strong>Ursprung<\/strong><\/td>\n<td><strong>Steuerung<\/strong><\/td>\n<td colspan=\"3\"><strong>Abmessungen (mm)<\/strong><\/td>\n<\/tr>\n<tr>\n<td colspan=\"3\"><\/td>\n<td><strong>X<\/strong><\/td>\n<td><strong>Y<\/strong><\/td>\n<td><strong>Z<\/strong><\/td>\n<\/tr>\n<\/thead>\n<tbody>\n<tr>\n<td>IGREK Thermo-Saw<\/td>\n<td>T\u00fcrkei<\/td>\n<td>Mach3<\/td>\n<td>5000<\/td>\n<td>1200<\/td>\n<td>1200<\/td>\n<\/tr>\n<\/tbody>\n<\/table>\n<\/div><\/div><\/div><\/div><\/div><\/div><\/div><\/div><\/div><\/div><\/div><\/section><section class=\"l-section wpb_row height_small width_full\" id=\"products\"><div class=\"l-section-h i-cf\"><div class=\"g-cols vc_row via_flex valign_top type_boxes stacking_default\"><div class=\"vc_col-sm-12 wpb_column vc_column_container\"><div class=\"vc_column-inner us_custom_eb849559\"><div class=\"wpb_wrapper\"><div class=\"w-separator size_medium with_line width_default thick_1 style_solid color_border align_center with_text with_content\"><div class=\"w-separator-h\"><h2 class=\"w-separator-text\"><span>Modellbau Artikel<\/span><\/h2><\/div><\/div><div class=\"w-grid us_grid type_grid layout_gallery_default cols_4 preload_style_spinner with_css_animation\" id=\"us_grid_1\" style=\"--columns:4;--gap:1rem;\" data-filterable=\"true\"><style>@media (max-width:1380px){#us_grid_1{--columns:3!important}}@media (max-width:1024px){#us_grid_1{--columns:2!important}}@media (max-width:600px){#us_grid_1{--columns:1!important}}.layout_gallery_default .w-grid-item-h{}<\/style><div class=\"w-grid-list\">\t<article class=\"w-grid-item us_animate_fade size_1x1 post-8849 attachment type-attachment status-inherit hentry\" data-id=\"8849\" style=\"animation-delay:0s\">\r\n\t\t<div class=\"w-grid-item-h\">\r\n\t\t\t\t\t\t\t<a ref=\"magnificPopupGrid\" href=\"https:\/\/www.igrek.com.tr\/wp-content\/uploads\/2021\/01\/20160924_102756.jpg\" class=\"w-grid-item-anchor\" aria-label=\"Model\"><\/a>\r\n\t\t\t\t\t\t<div class=\"w-post-elm post_image usg_post_image_1 stretched\"><img loading=\"lazy\" decoding=\"async\" width=\"600\" height=\"527\" src=\"https:\/\/www.igrek.com.tr\/wp-content\/uploads\/2021\/01\/20160924_102756-768x675.jpg\" class=\"attachment-thumbnail size-thumbnail\" alt=\"\" \/><\/div>\t\t<\/div>\r\n\t\t\t<\/article>\r\n\t<article class=\"w-grid-item us_animate_fade size_1x1 post-8853 attachment type-attachment status-inherit hentry\" data-id=\"8853\" style=\"animation-delay:0.1s\">\r\n\t\t<div class=\"w-grid-item-h\">\r\n\t\t\t\t\t\t\t<a ref=\"magnificPopupGrid\" href=\"https:\/\/www.igrek.com.tr\/wp-content\/uploads\/2021\/01\/20171113_175738.jpg\" class=\"w-grid-item-anchor\" aria-label=\"Model\"><\/a>\r\n\t\t\t\t\t\t<div class=\"w-post-elm post_image usg_post_image_1 stretched\"><img loading=\"lazy\" decoding=\"async\" width=\"600\" height=\"527\" src=\"https:\/\/www.igrek.com.tr\/wp-content\/uploads\/2021\/01\/20171113_175738-768x675.jpg\" class=\"attachment-thumbnail size-thumbnail\" alt=\"\" \/><\/div>\t\t<\/div>\r\n\t\t\t<\/article>\r\n\t<article class=\"w-grid-item us_animate_fade size_1x1 post-8855 attachment type-attachment status-inherit hentry\" data-id=\"8855\" style=\"animation-delay:0.2s\">\r\n\t\t<div class=\"w-grid-item-h\">\r\n\t\t\t\t\t\t\t<a ref=\"magnificPopupGrid\" href=\"https:\/\/www.igrek.com.tr\/wp-content\/uploads\/2021\/01\/20171113_175818.jpg\" class=\"w-grid-item-anchor\" aria-label=\"Model\"><\/a>\r\n\t\t\t\t\t\t<div class=\"w-post-elm post_image usg_post_image_1 stretched\"><img loading=\"lazy\" decoding=\"async\" width=\"600\" height=\"527\" src=\"https:\/\/www.igrek.com.tr\/wp-content\/uploads\/2021\/01\/20171113_175818-768x675.jpg\" class=\"attachment-thumbnail size-thumbnail\" alt=\"\" \/><\/div>\t\t<\/div>\r\n\t\t\t<\/article>\r\n\t<article class=\"w-grid-item us_animate_fade size_1x1 post-8857 attachment type-attachment status-inherit hentry\" data-id=\"8857\" style=\"animation-delay:0.3s\">\r\n\t\t<div class=\"w-grid-item-h\">\r\n\t\t\t\t\t\t\t<a ref=\"magnificPopupGrid\" href=\"https:\/\/www.igrek.com.tr\/wp-content\/uploads\/2021\/01\/ofisfoto.jpg\" class=\"w-grid-item-anchor\" aria-label=\"Model\"><\/a>\r\n\t\t\t\t\t\t<div class=\"w-post-elm post_image usg_post_image_1 stretched\"><img loading=\"lazy\" decoding=\"async\" width=\"600\" height=\"527\" src=\"https:\/\/www.igrek.com.tr\/wp-content\/uploads\/2021\/01\/ofisfoto-768x675.jpg\" class=\"attachment-thumbnail size-thumbnail\" alt=\"\" \/><\/div>\t\t<\/div>\r\n\t\t\t<\/article>\r\n\t<article class=\"w-grid-item us_animate_fade size_1x1 post-8861 attachment type-attachment status-inherit hentry\" data-id=\"8861\" style=\"animation-delay:0.4s\">\r\n\t\t<div class=\"w-grid-item-h\">\r\n\t\t\t\t\t\t\t<a ref=\"magnificPopupGrid\" href=\"https:\/\/www.igrek.com.tr\/wp-content\/uploads\/2021\/01\/model-2.jpg\" class=\"w-grid-item-anchor\" aria-label=\"Model\"><\/a>\r\n\t\t\t\t\t\t<div class=\"w-post-elm post_image usg_post_image_1 stretched\"><img loading=\"lazy\" decoding=\"async\" width=\"600\" height=\"527\" src=\"https:\/\/www.igrek.com.tr\/wp-content\/uploads\/2021\/01\/model-2-768x675.jpg\" class=\"attachment-thumbnail size-thumbnail\" alt=\"\" \/><\/div>\t\t<\/div>\r\n\t\t\t<\/article>\r\n\t<article class=\"w-grid-item us_animate_fade size_1x1 post-8863 attachment type-attachment status-inherit hentry\" data-id=\"8863\" style=\"animation-delay:0.5s\">\r\n\t\t<div class=\"w-grid-item-h\">\r\n\t\t\t\t\t\t\t<a ref=\"magnificPopupGrid\" href=\"https:\/\/www.igrek.com.tr\/wp-content\/uploads\/2021\/01\/model-3.jpg\" class=\"w-grid-item-anchor\" aria-label=\"Model\"><\/a>\r\n\t\t\t\t\t\t<div class=\"w-post-elm post_image usg_post_image_1 stretched\"><img loading=\"lazy\" decoding=\"async\" width=\"600\" height=\"527\" src=\"https:\/\/www.igrek.com.tr\/wp-content\/uploads\/2021\/01\/model-3-768x675.jpg\" class=\"attachment-thumbnail size-thumbnail\" alt=\"\" \/><\/div>\t\t<\/div>\r\n\t\t\t<\/article>\r\n\t<article class=\"w-grid-item us_animate_fade size_1x1 post-8859 attachment type-attachment status-inherit hentry\" data-id=\"8859\" style=\"animation-delay:0.6s\">\r\n\t\t<div class=\"w-grid-item-h\">\r\n\t\t\t\t\t\t\t<a ref=\"magnificPopupGrid\" href=\"https:\/\/www.igrek.com.tr\/wp-content\/uploads\/2021\/01\/P3030003.jpg\" class=\"w-grid-item-anchor\" aria-label=\"Model\"><\/a>\r\n\t\t\t\t\t\t<div class=\"w-post-elm post_image usg_post_image_1 stretched\"><img loading=\"lazy\" decoding=\"async\" width=\"600\" height=\"600\" src=\"https:\/\/www.igrek.com.tr\/wp-content\/uploads\/2021\/01\/P3030003-768x768.jpg\" class=\"attachment-thumbnail size-thumbnail\" alt=\"\" \/><\/div>\t\t<\/div>\r\n\t\t\t<\/article>\r\n\t<article class=\"w-grid-item us_animate_fade size_1x1 post-8847 attachment type-attachment status-inherit hentry\" data-id=\"8847\" style=\"animation-delay:0.7s\">\r\n\t\t<div class=\"w-grid-item-h\">\r\n\t\t\t\t\t\t\t<a ref=\"magnificPopupGrid\" href=\"https:\/\/www.igrek.com.tr\/wp-content\/uploads\/2021\/01\/20160408_112957.jpg\" class=\"w-grid-item-anchor\" aria-label=\"Model\"><\/a>\r\n\t\t\t\t\t\t<div class=\"w-post-elm post_image usg_post_image_1 stretched\"><img loading=\"lazy\" decoding=\"async\" width=\"600\" height=\"600\" src=\"https:\/\/www.igrek.com.tr\/wp-content\/uploads\/2021\/01\/20160408_112957-768x768.jpg\" class=\"attachment-thumbnail size-thumbnail\" alt=\"\" \/><\/div>\t\t<\/div>\r\n\t\t\t<\/article>\r\n<\/div>\t<div class=\"w-grid-preloader\">\r\n\t\t<div class=\"g-preloader type_1\">\r\n\t\t\t<div><\/div>\r\n\t\t<\/div>\r\n\t<\/div>\r\n\t\t<div class=\"w-grid-json hidden\" onclick='return {&quot;action&quot;:&quot;us_ajax_grid&quot;,&quot;infinite_scroll&quot;:0,&quot;max_num_pages&quot;:1,&quot;pagination&quot;:&quot;none&quot;,&quot;template_vars&quot;:{&quot;columns&quot;:&quot;4&quot;,&quot;exclude_items&quot;:&quot;none&quot;,&quot;img_size&quot;:&quot;thumbnail&quot;,&quot;ignore_items_size&quot;:0,&quot;items_layout&quot;:&quot;gallery_default&quot;,&quot;items_offset&quot;:&quot;1&quot;,&quot;load_animation&quot;:&quot;fade&quot;,&quot;overriding_link&quot;:&quot;%7B%22type%22%3A%22popup_image%22%7D&quot;,&quot;post_id&quot;:0,&quot;query_args&quot;:{&quot;post_type&quot;:[&quot;attachment&quot;],&quot;post__in&quot;:[&quot;8377&quot;,&quot;8380&quot;,&quot;8381&quot;,&quot;8385&quot;,&quot;8387&quot;,&quot;8388&quot;,&quot;8386&quot;,&quot;8376&quot;],&quot;post_status&quot;:&quot;inherit&quot;,&quot;post_mime_type&quot;:&quot;image&quot;,&quot;posts_per_page&quot;:&quot;10&quot;},&quot;orderby_query_args&quot;:{&quot;orderby&quot;:{&quot;post__in&quot;:&quot;ASC&quot;},&quot;order&quot;:&quot;ASC&quot;},&quot;type&quot;:&quot;grid&quot;,&quot;us_grid_post_type&quot;:&quot;attachment&quot;,&quot;us_grid_ajax_index&quot;:1,&quot;us_grid_filter_query_string&quot;:null,&quot;us_grid_index&quot;:1,&quot;page_args&quot;:[],&quot;lang&quot;:&quot;de&quot;}}'><\/div>\r\n\t<\/div><\/div><\/div><\/div><\/div><\/div><\/section>\n","protected":false},"excerpt":{"rendered":"","protected":false},"author":1,"featured_media":0,"parent":9439,"menu_order":0,"comment_status":"closed","ping_status":"closed","template":"","meta":{"footnotes":""},"class_list":["post-9466","page","type-page","status-publish","hentry"],"aioseo_notices":[],"_links":{"self":[{"href":"https:\/\/www.igrek.com.tr\/de\/wp-json\/wp\/v2\/pages\/9466","targetHints":{"allow":["GET"]}}],"collection":[{"href":"https:\/\/www.igrek.com.tr\/de\/wp-json\/wp\/v2\/pages"}],"about":[{"href":"https:\/\/www.igrek.com.tr\/de\/wp-json\/wp\/v2\/types\/page"}],"author":[{"embeddable":true,"href":"https:\/\/www.igrek.com.tr\/de\/wp-json\/wp\/v2\/users\/1"}],"replies":[{"embeddable":true,"href":"https:\/\/www.igrek.com.tr\/de\/wp-json\/wp\/v2\/comments?post=9466"}],"version-history":[{"count":0,"href":"https:\/\/www.igrek.com.tr\/de\/wp-json\/wp\/v2\/pages\/9466\/revisions"}],"up":[{"embeddable":true,"href":"https:\/\/www.igrek.com.tr\/de\/wp-json\/wp\/v2\/pages\/9439"}],"wp:attachment":[{"href":"https:\/\/www.igrek.com.tr\/de\/wp-json\/wp\/v2\/media?parent=9466"}],"curies":[{"name":"wp","href":"https:\/\/api.w.org\/{rel}","templated":true}]}}