{"id":9439,"date":"2021-01-09T11:57:55","date_gmt":"2021-01-09T08:57:55","guid":{"rendered":"https:\/\/www.igrek.com.tr\/?page_id=9439"},"modified":"2025-12-08T13:25:50","modified_gmt":"2025-12-08T10:25:50","slug":"produktion","status":"publish","type":"page","link":"https:\/\/www.igrek.com.tr\/de\/produktion\/","title":{"rendered":"Produktion"},"content":{"rendered":"<section class=\"l-section wpb_row block-1 height_auto width_full\" id=\"production\"><div class=\"l-section-h i-cf\"><div class=\"g-cols vc_row via_flex valign_top type_default stacking_default\"><div class=\"vc_col-sm-6 wpb_column vc_column_container prodone border-blue prod-1 has_bg_color us_animate_afl\"><div class=\"vc_column-inner us_custom_f7e72e90\"><div class=\"wpb_wrapper\"><div class=\"g-cols wpb_row box via_flex valign_top type_default stacking_default\"><div class=\"vc_col-sm-12 wpb_column vc_column_container has_text_color\"><div class=\"vc_column-inner us_custom_6df4bc3a\"><div class=\"wpb_wrapper\"><div class=\"wpb_text_column us_custom_70facfb4\"><div class=\"wpb_wrapper\"><h5>Produktion<\/h5>\n<\/div><\/div><div class=\"wpb_text_column us_custom_70facfb4\"><div class=\"wpb_wrapper\"><h2>Modellbau<\/h2>\n<\/div><\/div><div class=\"wpb_text_column us_custom_70facfb4\"><div class=\"wpb_wrapper\"><p>\u0130g\u0306rek Makina Gie\u00dferei &amp; Werkzeugmaschinen gestaltet seine Produktion-Struktur und Investitionen gem\u00e4\u00df den Kundenanforderungen mit seiner Erfahrung und Alternative. Daher hat die Firma in 2003 die Modellbau Abteilung gegr\u00fcndet und technische Fachwissen und die Hochtechnologie zusammengestellt.<\/p>\n<\/div><\/div><div class=\"wpb_text_column blue\"><div class=\"wpb_wrapper\"><p><a href=\"https:\/\/www.igrek.com.tr\/de\/produktion\/modellbau\/\">Mehr<\/a><\/p>\n<\/div><\/div><\/div><\/div><\/div><\/div><\/div><\/div><\/div><div class=\"vc_col-sm-6 wpb_column vc_column_container prodone prod-2 has_bg_color us_animate_afl\"><div class=\"vc_column-inner us_custom_501d9748\"><div class=\"wpb_wrapper\"><div class=\"g-cols wpb_row box via_flex valign_top type_default stacking_default\"><div class=\"vc_col-sm-12 wpb_column vc_column_container has_text_color\"><div class=\"vc_column-inner us_custom_6df4bc3a\"><div class=\"wpb_wrapper\"><div class=\"wpb_text_column us_custom_70facfb4\"><div class=\"wpb_wrapper\"><h5>Produktion<\/h5>\n<\/div><\/div><div class=\"wpb_text_column us_custom_70facfb4\"><div class=\"wpb_wrapper\"><h2>Gie\u00dferei<\/h2>\n<\/div><\/div><div class=\"wpb_text_column us_custom_70facfb4\"><div class=\"wpb_wrapper\"><p>Die Hauptproduktion von \u0130g\u0306rek Makina Gie\u00dferei &amp; Werkzeugmaschinen, die Gu\u00dfteilefertigung, wurde nach langfristiger Erfahrung und know-how laufend entwickelt. Das Hauptziel ist die zeitgerechte Lieferung und beste Qualit\u00e4tsausbringung der komplizierten Gu\u00dfformteile entsprechend der heutigen Technologie.<\/p>\n<\/div><\/div><div class=\"wpb_text_column blue\"><div class=\"wpb_wrapper\"><p><a href=\"https:\/\/www.igrek.com.tr\/de\/zuhause\/foundry-3\/\">Mehr<\/a><\/p>\n<\/div><\/div><\/div><\/div><\/div><\/div><\/div><\/div><\/div><\/div><\/div><\/section><section class=\"l-section wpb_row us_custom_69a7d1d3 has_text_color height_auto color_alternate\"><div class=\"l-section-h i-cf\"><div class=\"g-cols vc_row via_flex valign_top type_default stacking_default\"><div class=\"vc_col-sm-12 wpb_column vc_column_container us_animate_afb\"><div class=\"vc_column-inner\"><div class=\"wpb_wrapper\"><div class=\"wpb_text_column\"><div class=\"wpb_wrapper\"><p>\u00dcber 80 Jahre Erfahrung im Gesch\u00e4ft haben die Investitionen und die Entwicklung im Laufe der Jahre gepr\u00e4gt und die Gie\u00dferei komplexer Teile aufgebaut, die in kurzen Vorlaufzeiten und hoher Qualit\u00e4t geliefert werden k\u00f6nnen.<\/p>\n<\/div><\/div><\/div><\/div><\/div><\/div><\/div><\/section><section class=\"l-section wpb_row block-1 height_auto width_full\"><div class=\"l-section-h i-cf\"><div class=\"g-cols vc_row via_flex valign_top type_default stacking_default\"><div class=\"vc_col-sm-6 wpb_column vc_column_container prodone border-blue prod-1 has_bg_color us_animate_afr\"><div class=\"vc_column-inner us_custom_7a1c607b\"><div class=\"wpb_wrapper\"><div class=\"g-cols wpb_row box via_flex valign_top type_default stacking_default\"><div class=\"vc_col-sm-12 wpb_column vc_column_container has_text_color\"><div class=\"vc_column-inner us_custom_6df4bc3a\"><div class=\"wpb_wrapper\"><div class=\"wpb_text_column us_custom_70facfb4\"><div class=\"wpb_wrapper\"><h5>Produktion<\/h5>\n<\/div><\/div><div class=\"wpb_text_column us_custom_70facfb4\"><div class=\"wpb_wrapper\"><h2>Bearbeitung<\/h2>\n<\/div><\/div><div class=\"wpb_text_column us_custom_70facfb4\"><div class=\"wpb_wrapper\"><p>Eine moderne CNC-Bearbeitung Abteilung ist in der Produktion integriert mit verschiedene Fr\u00e4s-, Dreh- und Schleifmaschinen zum Zulieferung von Teile fertig f\u00fcr die Kunden zu nutzen oder zusammenbauen.<\/p>\n<\/div><\/div><div class=\"wpb_text_column blue\"><div class=\"wpb_wrapper\"><p><a href=\"https:\/\/www.igrek.com.tr\/de\/zuhause\/machining-4\/\">Mehr<\/a><\/p>\n<\/div><\/div><\/div><\/div><\/div><\/div><\/div><\/div><\/div><div class=\"vc_col-sm-6 wpb_column vc_column_container prodone prod-2  has_bg_color\"><div class=\"vc_column-inner us_custom_e5432922 us_animate_this\"><div class=\"wpb_wrapper\"><div class=\"g-cols wpb_row box via_flex valign_top type_default stacking_default\"><div class=\"vc_col-sm-12 wpb_column vc_column_container has_text_color\"><div class=\"vc_column-inner us_custom_6df4bc3a\"><div class=\"wpb_wrapper\"><div class=\"wpb_text_column us_custom_70facfb4\"><div class=\"wpb_wrapper\"><h5>Produktion<\/h5>\n<\/div><\/div><div class=\"wpb_text_column us_custom_70facfb4\"><div class=\"wpb_wrapper\"><h2>Werkzeugmaschinen<\/h2>\n<\/div><\/div><div class=\"wpb_text_column us_custom_70facfb4\"><div class=\"wpb_wrapper\"><p>Die Erfahrung des Unternehmens wurde durch die Lieferung von Werkzeugmaschinenteilen f\u00fcr den globalen Markt und die Zusammenarbeit mit einer hoch ausgestatteten internen Bearbeitungsabteilung erweitert.<\/p>\n<\/div><\/div><div class=\"wpb_text_column blue\"><div class=\"wpb_wrapper\"><p><a href=\"https:\/\/machinetools.igrek.com.tr\">Mehr<\/a><\/p>\n<\/div><\/div><\/div><\/div><\/div><\/div><\/div><\/div><\/div><\/div><\/div><\/section><section class=\"l-section wpb_row block-1 height_auto width_full\"><div class=\"l-section-h i-cf\"><div class=\"g-cols vc_row via_flex valign_top type_default stacking_default\"><div class=\"vc_col-sm-6 wpb_column vc_column_container prodone border-blue prod-1  has_bg_color\"><div class=\"vc_column-inner us_custom_3bfbf98c us_animate_this\"><div class=\"wpb_wrapper\"><div class=\"g-cols wpb_row box via_flex valign_top type_default stacking_default\"><div class=\"vc_col-sm-12 wpb_column vc_column_container has_text_color\"><div class=\"vc_column-inner us_custom_6df4bc3a\"><div class=\"wpb_wrapper\"><div class=\"wpb_text_column us_custom_70facfb4\"><div class=\"wpb_wrapper\"><h5>E-Katalog<\/h5>\n<\/div><\/div><div class=\"wpb_text_column us_custom_94c6f09e\"><div class=\"wpb_wrapper\"><h3>\u0130\u011frek Firmenkatalog<\/h3>\n<\/div><\/div><div class=\"wpb_text_column us_custom_70facfb4\"><div class=\"wpb_wrapper\"><p>Klicken Sie hier, um unseren Katalog herunterzuladen.<\/p>\n<\/div><\/div><div class=\"w-btn-wrapper align_none\"><a class=\"w-btn us-btn-style_3 icon_atright\" target=\"_blank\" rel=\"nofollow\" href=\"https:\/\/www.igrek.com.tr\/wp-content\/uploads\/pdf\/igrek_katalog.pdf\"><span class=\"w-btn-label\">Herunterladen<\/span><i class=\"fal fa-file-pdf\"><\/i><\/a><\/div><\/div><\/div><\/div><\/div><\/div><\/div><\/div><div class=\"vc_col-sm-6 wpb_column vc_column_container prodone prod-2  has_bg_color\"><div class=\"vc_column-inner us_custom_9016062c us_animate_this\"><div class=\"wpb_wrapper\"><div class=\"g-cols wpb_row box via_flex valign_top type_default stacking_default\"><div class=\"vc_col-sm-12 wpb_column vc_column_container has_text_color\"><div class=\"vc_column-inner us_custom_6df4bc3a\"><div class=\"wpb_wrapper\"><div class=\"wpb_text_column us_custom_70facfb4\"><div class=\"wpb_wrapper\"><h5>E-Katalog<\/h5>\n<\/div><\/div><div class=\"wpb_text_column us_custom_94c6f09e\"><div class=\"wpb_wrapper\"><h3>\u0130\u011frek Werkzeugmaschinenkatalog<\/h3>\n<\/div><\/div><div class=\"wpb_text_column us_custom_70facfb4\"><div class=\"wpb_wrapper\"><p>Klicken Sie hier, um unseren Werkzeugmaschinenkatalog herunterzuladen.<\/p>\n<\/div><\/div><div class=\"w-btn-wrapper align_none\"><a class=\"w-btn us-btn-style_3 icon_atright\" target=\"_blank\" rel=\"nofollow\" href=\"https:\/\/www.igrek.com.tr\/wp-content\/uploads\/pdf\/igrek_igmkatalog.pdf\"><span class=\"w-btn-label\">Herunterladen<\/span><i class=\"fal fa-file-pdf\"><\/i><\/a><\/div><\/div><\/div><\/div><\/div><\/div><\/div><\/div><\/div><\/div><\/section><section class=\"l-section wpb_row block-1 height_auto width_full\"><div class=\"l-section-h i-cf\"><div class=\"g-cols vc_row via_flex valign_top type_default stacking_default\"><div class=\"vc_col-sm-6 wpb_column vc_column_container prodone border-blue prod-1  has_bg_color\"><div class=\"vc_column-inner us_custom_54822227 us_animate_this\"><div class=\"wpb_wrapper\"><div class=\"g-cols wpb_row box via_flex valign_top type_default stacking_default\"><div class=\"vc_col-sm-12 wpb_column vc_column_container has_text_color\"><div class=\"vc_column-inner us_custom_6df4bc3a\"><div class=\"wpb_wrapper\"><div class=\"wpb_text_column us_custom_70facfb4\"><div class=\"wpb_wrapper\"><h5>Igrek Machine Tools<\/h5>\n<\/div><\/div><div class=\"wpb_text_column us_custom_94c6f09e\"><div class=\"wpb_wrapper\"><h3>FR 3500 Gantry-Serie<\/h3>\n<h4>5-Achsen-Portalfr\u00e4smaschinen<\/h4>\n<\/div><\/div><div class=\"wpb_text_column us_custom_70facfb4\"><div class=\"wpb_wrapper\"><p>Klicken Sie hier, um unseren Katalog herunterzuladen.<\/p>\n<\/div><\/div><div class=\"w-btn-wrapper align_none\"><a class=\"w-btn us-btn-style_3 icon_atright\" target=\"_blank\" rel=\"nofollow\" href=\"https:\/\/www.igrek.com.tr\/e-catalogs\/FR3500 Series 25.pdf\"><span class=\"w-btn-label\">Herunterladen<\/span><i class=\"fal fa-file-pdf\"><\/i><\/a><\/div><\/div><\/div><\/div><\/div><\/div><\/div><\/div><div class=\"vc_col-sm-6 wpb_column vc_column_container prodone prod-2  has_bg_color\"><div class=\"vc_column-inner us_custom_dd64157f us_animate_this\"><div class=\"wpb_wrapper\"><div class=\"g-cols wpb_row box via_flex valign_top type_default stacking_default\"><div class=\"vc_col-sm-12 wpb_column vc_column_container has_text_color\"><div class=\"vc_column-inner us_custom_6df4bc3a\"><div class=\"wpb_wrapper\"><div class=\"wpb_text_column us_custom_70facfb4\"><div class=\"wpb_wrapper\"><h5>Igrek Machine Tools<\/h5>\n<\/div><\/div><div class=\"wpb_text_column us_custom_94c6f09e\"><div class=\"wpb_wrapper\"><h3 class=\"p1\">TT-Serie<\/h3>\n<h4><span>5-Achse Fr\u00e4s &#8211; Dreh Zentren<\/span><\/h4>\n<\/div><\/div><div class=\"wpb_text_column us_custom_70facfb4\"><div class=\"wpb_wrapper\"><p>Klicken Sie hier, um unseren Katalog f\u00fcr Werkzeugmaschinen der TT-Serie herunterzuladen.<\/p>\n<\/div><\/div><div class=\"w-btn-wrapper align_none\"><a class=\"w-btn us-btn-style_3 icon_atright\" target=\"_blank\" rel=\"nofollow\" href=\"https:\/\/www.igrek.com.tr\/e-catalogs\/5 Axis Mill+Turn Machining Centers.pdf\"><span class=\"w-btn-label\">Herunterladen<\/span><i class=\"fal fa-file-pdf\"><\/i><\/a><\/div><\/div><\/div><\/div><\/div><\/div><\/div><\/div><\/div><\/div><\/section>\n","protected":false},"excerpt":{"rendered":"Produktion Modellbau \u0130g\u0306rek Makina Gie\u00dferei &amp; Werkzeugmaschinen gestaltet seine Produktion-Struktur und Investitionen gem\u00e4\u00df den Kundenanforderungen mit seiner Erfahrung und Alternative. Daher hat die Firma in 2003 die Modellbau Abteilung gegr\u00fcndet und technische Fachwissen und die Hochtechnologie zusammengestellt. Mehr Produktion Gie\u00dferei Die Hauptproduktion von \u0130g\u0306rek Makina Gie\u00dferei &amp; Werkzeugmaschinen, die Gu\u00dfteilefertigung, wurde nach langfristiger Erfahrung und...","protected":false},"author":1,"featured_media":0,"parent":0,"menu_order":0,"comment_status":"closed","ping_status":"closed","template":"","meta":{"footnotes":""},"class_list":["post-9439","page","type-page","status-publish","hentry"],"aioseo_notices":[],"_links":{"self":[{"href":"https:\/\/www.igrek.com.tr\/de\/wp-json\/wp\/v2\/pages\/9439","targetHints":{"allow":["GET"]}}],"collection":[{"href":"https:\/\/www.igrek.com.tr\/de\/wp-json\/wp\/v2\/pages"}],"about":[{"href":"https:\/\/www.igrek.com.tr\/de\/wp-json\/wp\/v2\/types\/page"}],"author":[{"embeddable":true,"href":"https:\/\/www.igrek.com.tr\/de\/wp-json\/wp\/v2\/users\/1"}],"replies":[{"embeddable":true,"href":"https:\/\/www.igrek.com.tr\/de\/wp-json\/wp\/v2\/comments?post=9439"}],"version-history":[{"count":4,"href":"https:\/\/www.igrek.com.tr\/de\/wp-json\/wp\/v2\/pages\/9439\/revisions"}],"predecessor-version":[{"id":11642,"href":"https:\/\/www.igrek.com.tr\/de\/wp-json\/wp\/v2\/pages\/9439\/revisions\/11642"}],"wp:attachment":[{"href":"https:\/\/www.igrek.com.tr\/de\/wp-json\/wp\/v2\/media?parent=9439"}],"curies":[{"name":"wp","href":"https:\/\/api.w.org\/{rel}","templated":true}]}}