{"id":9430,"date":"2021-01-07T09:27:43","date_gmt":"2021-01-07T06:27:43","guid":{"rendered":"https:\/\/www.igrek.com.tr\/?page_id=9430"},"modified":"2025-12-12T13:45:48","modified_gmt":"2025-12-12T10:45:48","slug":"werkzeugmaschinen","status":"publish","type":"page","link":"https:\/\/www.igrek.com.tr\/de\/werkzeugmaschinen\/","title":{"rendered":"Werkzeugmaschinen"},"content":{"rendered":"<section class=\"l-section wpb_row height_medium color_primary with_img parallax_hor bgwidth_120\"><div class=\"l-section-img\" role=\"img\" aria-label=\"Bild\" data-img-width=\"2500\" data-img-height=\"768\" style=\"background-image: url(https:\/\/www.igrek.com.tr\/wp-content\/uploads\/2025\/12\/Machines-Composition-BG.jpg);\"><\/div><div class=\"l-section-overlay\" style=\"background:rgba(2,2,2,0.5)\"><\/div><div class=\"l-section-h i-cf\"><div class=\"g-cols vc_row via_flex valign_top type_default stacking_default\"><div class=\"vc_col-sm-12 wpb_column vc_column_container\"><div class=\"vc_column-inner\"><div class=\"wpb_wrapper\"><h1 class=\"w-post-elm post_title align_center entry-title color_link_inherit\">Werkzeugmaschinen<\/h1><\/div><\/div><\/div><\/div><\/div><\/section><section class=\"l-section wpb_row height_auto width_full\"><div class=\"l-section-h i-cf\"><div class=\"g-cols vc_row via_flex valign_middle type_boxes stacking_default\"><div class=\"vc_col-sm-6 wpb_column vc_column_container has_bg_color us_animate_afl\"><div class=\"vc_column-inner us_custom_47797c4f\"><div class=\"wpb_wrapper\"><div class=\"w-separator size_custom\" style=\"height:400px\"><\/div><\/div><\/div><\/div><div class=\"vc_col-sm-6 wpb_column vc_column_container us_animate_afl\"><div class=\"vc_column-inner\"><div class=\"wpb_wrapper\"><div class=\"wpb_text_column\"><div class=\"wpb_wrapper\"><h2>Integrierte CNC-Werkzeugmaschinenproduktion<\/h2>\n<p>Basierend auf unserer mehr als 75-j\u00e4hrigen Branchenerfahrung werden wir zur am st\u00e4rksten fokussierten und integrierten CNC-Werkzeugmaschinenfabrik in der T\u00fcrkei.<br \/>\nDie Erfahrung des Unternehmens wurde durch die Lieferung von Werkzeugmaschinenteilen f\u00fcr den globalen Markt und die Zusammenarbeit mit einer hoch ausgestatteten internen Bearbeitungsabteilung erweitert. Diese Abteilung umfasst:<\/p>\n<\/div><\/div><\/div><\/div><\/div><\/div><\/div><\/section><section class=\"l-section wpb_row height_auto width_full\"><div class=\"l-section-h i-cf\"><div class=\"g-cols vc_row via_flex valign_middle type_boxes reversed stacking_default\"><div class=\"vc_col-sm-6 wpb_column vc_column_container us_animate_afr\"><div class=\"vc_column-inner\"><div class=\"wpb_wrapper\"><div class=\"wpb_text_column\"><div class=\"wpb_wrapper\"><h2>Werkzeugmaschinen, Made in T\u00dcRK\u0130YE<\/h2>\n<p>Das Konstruktions-, Montage- und Serviceteam f\u00fcr Werkzeugmaschinen bereitet jetzt die neuen 4 Maschinentypen vor, die in dieser Brosch\u00fcre erl\u00e4utert werden. Das Ziel des Unternehmens ist es zu bauen:<\/p>\n<ul class=\"plus\">\n<li>Hochtechnologie &amp; amp; Qualit\u00e4tsmaschinen in gutem Preisniveau<\/li>\n<li>Maschinenstruktur aus Gusseisen f\u00fcr beste Steifigkeit &amp; amp; dynamische Stabilit\u00e4t<\/li>\n<li>Spezialisierte Designs f\u00fcr spezielle Kundenanforderungen<\/li>\n<\/ul>\n<p>F\u00fcr weitere Informationen, besuchen Sie bitte:<\/p>\n<\/div><\/div><\/div><\/div><\/div><div class=\"vc_col-sm-6 wpb_column vc_column_container has_bg_color us_animate_afr\"><div class=\"vc_column-inner us_custom_aa5cf925\"><div class=\"wpb_wrapper\"><div class=\"wpb_text_column\"><div class=\"wpb_wrapper\"><\/div><\/div><div class=\"w-separator size_custom\" style=\"height:400px\"><\/div><\/div><\/div><\/div><\/div><\/div><\/section><section class=\"l-section wpb_row block-1 height_small\"><div class=\"l-section-overlay\" style=\"background:#bb1c29\"><\/div><div class=\"l-section-h i-cf\"><div class=\"g-cols vc_row via_flex valign_top type_default stacking_default\"><div class=\"vc_col-sm-12 wpb_column vc_column_container\"><div class=\"vc_column-inner\"><div class=\"wpb_wrapper\"><div class=\"w-image align_center\"><div class=\"w-image-h\"><img decoding=\"async\" width=\"1920\" height=\"1080\" src=\"https:\/\/www.igrek.com.tr\/wp-content\/uploads\/2021\/04\/machintools-office.jpg\" class=\"attachment-full size-full\" alt=\"\" loading=\"lazy\" srcset=\"https:\/\/www.igrek.com.tr\/wp-content\/uploads\/2021\/04\/machintools-office.jpg 1920w, https:\/\/www.igrek.com.tr\/wp-content\/uploads\/2021\/04\/machintools-office-300x169.jpg 300w, https:\/\/www.igrek.com.tr\/wp-content\/uploads\/2021\/04\/machintools-office-1024x576.jpg 1024w\" sizes=\"auto, (max-width: 1920px) 100vw, 1920px\" \/><\/div><\/div><\/div><\/div><\/div><\/div><\/div><\/section><section class=\"l-section wpb_row height_auto width_full\"><div class=\"l-section-h i-cf\"><div class=\"g-cols vc_row via_flex valign_middle type_default stacking_default\"><div class=\"vc_col-sm-12 wpb_column vc_column_container\"><div class=\"vc_column-inner\"><div class=\"wpb_wrapper\"><div class=\"g-cols wpb_row via_flex valign_top type_default stacking_default\"><div class=\"vc_col-sm-12 wpb_column vc_column_container\"><div class=\"vc_column-inner\"><div class=\"wpb_wrapper\"><div class=\"w-separator size_huge with_line width_default thick_1 style_solid color_text align_center with_text with_content\"><div class=\"w-separator-h\"><h2 class=\"w-separator-text\"><span>\u0130\u011frek Werkzeugmaschinen<\/span><\/h2><\/div><\/div><\/div><\/div><\/div><\/div><div class=\"g-cols wpb_row via_flex valign_middle type_boxes reversed stacking_default\"><div class=\"vc_col-sm-6 wpb_column vc_column_container has_bg_color\"><div class=\"vc_column-inner us_custom_38d68270\"><div class=\"wpb_wrapper\"><div class=\"wpb_text_column\"><div class=\"wpb_wrapper\"><h3>FR 3500-Serie<\/h3>\n<div class=\"wpb_text_column us_custom_94c6f09e\">\n<div class=\"wpb_wrapper\">\n<h4 class=\"p1\"><span class=\"s1\">5 Achse Gantry Portal Fr\u00e4smaschinen<\/span><\/h4>\n<\/div>\n<\/div>\n<div class=\"wpb_text_column\">\n<div class=\"wpb_wrapper\">\n<p>X x Y x Z = 2500 \u2013 10000 x 3500 x 1400 \u2013 2350 mm<\/p>\n<\/div>\n<\/div>\n<\/div><\/div><div class=\"w-separator size_small\"><\/div><div class=\"w-btn-wrapper align_right\"><a class=\"w-btn us-btn-style_12\" target=\"_blank\" rel=\"nofollow\" href=\"fr-3500-gantry-series\"><span class=\"w-btn-label\">FR 3500-Serie<\/span><\/a><\/div><\/div><\/div><\/div><div class=\"vc_col-sm-6 wpb_column vc_column_container\"><div class=\"vc_column-inner\"><div class=\"wpb_wrapper\"><div class=\"w-image us_custom_a518f36e us_animate_this align_none\"><a target=\"_blank\" rel=\"nofollow\" href=\"https:\/\/machinetools.igrek.com.tr\/igm-fr-3500.html\" aria-label=\"IGMFR3500v3\" class=\"w-image-h\"><img decoding=\"async\" width=\"2560\" height=\"1422\" src=\"https:\/\/www.igrek.com.tr\/wp-content\/uploads\/2025\/11\/IGMFR3500v3-scaled.jpg\" class=\"attachment-full size-full\" alt=\"\" loading=\"lazy\" srcset=\"https:\/\/www.igrek.com.tr\/wp-content\/uploads\/2025\/11\/IGMFR3500v3-scaled.jpg 2560w, https:\/\/www.igrek.com.tr\/wp-content\/uploads\/2025\/11\/IGMFR3500v3-300x167.jpg 300w, https:\/\/www.igrek.com.tr\/wp-content\/uploads\/2025\/11\/IGMFR3500v3-1024x569.jpg 1024w, https:\/\/www.igrek.com.tr\/wp-content\/uploads\/2025\/11\/IGMFR3500v3-1440x800.jpg 1440w\" sizes=\"auto, (max-width: 2560px) 100vw, 2560px\" \/><\/a><\/div><\/div><\/div><\/div><\/div><div class=\"g-cols wpb_row via_flex valign_middle type_boxes stacking_default\"><div class=\"vc_col-sm-6 wpb_column vc_column_container\"><div class=\"vc_column-inner\"><div class=\"wpb_wrapper\"><div class=\"w-image us_custom_a518f36e us_animate_this align_none\"><a target=\"_blank\" rel=\"nofollow\" href=\"dt-4000\" aria-label=\"igmdt4000\" class=\"w-image-h\"><img decoding=\"async\" width=\"1920\" height=\"1440\" src=\"https:\/\/www.igrek.com.tr\/wp-content\/uploads\/2021\/01\/IGMDT4000White.jpg\" class=\"attachment-full size-full\" alt=\"\" loading=\"lazy\" \/><\/a><\/div><\/div><\/div><\/div><div class=\"vc_col-sm-6 wpb_column vc_column_container has_bg_color\"><div class=\"vc_column-inner us_custom_38d68270\"><div class=\"wpb_wrapper\"><div class=\"wpb_text_column\"><div class=\"wpb_wrapper\"><h3>DT 4000<\/h3>\n<h5>Vertikaldrehmaschine mit hydrostatischem Drehtisch \u00d84000 mm &amp; Traverse bewegen<\/h5>\n<p>Tischdurchmesser: 4000 mm<\/p>\n<\/div><\/div><div class=\"w-separator size_small\"><\/div><div class=\"w-btn-wrapper align_none\"><a class=\"w-btn us-btn-style_12\" target=\"_blank\" rel=\"nofollow\" href=\"dt-4000\"><span class=\"w-btn-label\">DT 4000<\/span><\/a><\/div><\/div><\/div><\/div><\/div><div class=\"g-cols wpb_row via_flex valign_middle type_boxes reversed stacking_default\"><div class=\"vc_col-sm-6 wpb_column vc_column_container has_bg_color\"><div class=\"vc_column-inner us_custom_38d68270\"><div class=\"wpb_wrapper\"><div class=\"wpb_text_column\"><div class=\"wpb_wrapper\"><h3>VMC 1160<\/h3>\n<h5>3-Achsen-CNC-Vertikalfr\u00e4szentrum<\/h5>\n<p>X x Y x Z = 1160 x 610 x 600 mm<\/p>\n<\/div><\/div><div class=\"w-separator size_small\"><\/div><div class=\"w-btn-wrapper align_right\"><a class=\"w-btn us-btn-style_12\" target=\"_blank\" rel=\"nofollow\" href=\"vmc-1160\"><span class=\"w-btn-label\">VMC 1160<\/span><\/a><\/div><\/div><\/div><\/div><div class=\"vc_col-sm-6 wpb_column vc_column_container\"><div class=\"vc_column-inner\"><div class=\"wpb_wrapper\"><div class=\"w-image us_custom_a518f36e us_animate_this align_none\"><a target=\"_blank\" rel=\"nofollow\" href=\"vmc-1160\" aria-label=\"VMC1160 RGB\" class=\"w-image-h\"><img decoding=\"async\" width=\"2560\" height=\"1707\" src=\"https:\/\/www.igrek.com.tr\/wp-content\/uploads\/2025\/11\/VMC1160-RGB-scaled.jpg\" class=\"attachment-full size-full\" alt=\"\" loading=\"lazy\" srcset=\"https:\/\/www.igrek.com.tr\/wp-content\/uploads\/2025\/11\/VMC1160-RGB-scaled.jpg 2560w, https:\/\/www.igrek.com.tr\/wp-content\/uploads\/2025\/11\/VMC1160-RGB-300x200.jpg 300w, https:\/\/www.igrek.com.tr\/wp-content\/uploads\/2025\/11\/VMC1160-RGB-1024x683.jpg 1024w, https:\/\/www.igrek.com.tr\/wp-content\/uploads\/2025\/11\/VMC1160-RGB-1440x960.jpg 1440w\" sizes=\"auto, (max-width: 2560px) 100vw, 2560px\" \/><\/a><\/div><\/div><\/div><\/div><\/div><div class=\"g-cols wpb_row via_flex valign_middle type_boxes stacking_default\"><div class=\"vc_col-sm-6 wpb_column vc_column_container\"><div class=\"vc_column-inner\"><div class=\"wpb_wrapper\"><div class=\"w-image us_custom_a518f36e us_animate_this align_none\"><a target=\"_blank\" rel=\"nofollow\" href=\"tt-series\" aria-label=\"IGMFR1000T 2025 RGB\" class=\"w-image-h\"><img decoding=\"async\" width=\"2560\" height=\"1441\" src=\"https:\/\/www.igrek.com.tr\/wp-content\/uploads\/2025\/11\/IGMFR1000T-2025-RGB-scaled.jpg\" class=\"attachment-full size-full\" alt=\"\" loading=\"lazy\" srcset=\"https:\/\/www.igrek.com.tr\/wp-content\/uploads\/2025\/11\/IGMFR1000T-2025-RGB-scaled.jpg 2560w, https:\/\/www.igrek.com.tr\/wp-content\/uploads\/2025\/11\/IGMFR1000T-2025-RGB-300x169.jpg 300w, https:\/\/www.igrek.com.tr\/wp-content\/uploads\/2025\/11\/IGMFR1000T-2025-RGB-1024x577.jpg 1024w, https:\/\/www.igrek.com.tr\/wp-content\/uploads\/2025\/11\/IGMFR1000T-2025-RGB-1440x811.jpg 1440w\" sizes=\"auto, (max-width: 2560px) 100vw, 2560px\" \/><\/a><\/div><\/div><\/div><\/div><div class=\"vc_col-sm-6 wpb_column vc_column_container has_bg_color\"><div class=\"vc_column-inner us_custom_38d68270\"><div class=\"wpb_wrapper\"><div class=\"wpb_text_column\"><div class=\"wpb_wrapper\"><h3>FR 1000T<\/h3>\n<div class=\"wpb_text_column us_custom_94c6f09e\">\n<div class=\"wpb_wrapper\">\n<h4>5-Achse Fr\u00e4s-Dreh Maschinen<\/h4>\n<\/div>\n<\/div>\n<p>X x Y x Z = 1350 x 1500 x 900 mm<\/p>\n<\/div><\/div><div class=\"w-separator size_small\"><\/div><div class=\"w-btn-wrapper align_none\"><a class=\"w-btn us-btn-style_12\" target=\"_blank\" rel=\"nofollow\" href=\"tt-series\"><span class=\"w-btn-label\">TT-Serie<\/span><\/a><\/div><\/div><\/div><\/div><\/div><div class=\"g-cols wpb_row via_flex valign_middle type_boxes reversed stacking_default\"><div class=\"vc_col-sm-6 wpb_column vc_column_container has_bg_color\"><div class=\"vc_column-inner us_custom_38d68270\"><div class=\"wpb_wrapper\"><div class=\"wpb_text_column\"><div class=\"wpb_wrapper\"><h3>FR 800T<\/h3>\n<div class=\"wpb_text_column us_custom_94c6f09e\">\n<div class=\"wpb_wrapper\">\n<h4>5-Achse Fr\u00e4s-Dreh Maschinen<\/h4>\n<\/div>\n<\/div>\n<p>X x Y x Z = 900 x 900 x 600 mm<\/p>\n<\/div><\/div><div class=\"w-separator size_small\"><\/div><div class=\"w-btn-wrapper align_none\"><a class=\"w-btn us-btn-style_12\" target=\"_blank\" rel=\"nofollow\" href=\"tt-series\"><span class=\"w-btn-label\">TT-Serie<\/span><\/a><\/div><\/div><\/div><\/div><div class=\"vc_col-sm-6 wpb_column vc_column_container\"><div class=\"vc_column-inner\"><div class=\"wpb_wrapper\"><div class=\"w-image us_custom_a518f36e us_animate_this align_none\"><a target=\"_blank\" rel=\"nofollow\" href=\"tt-series\" aria-label=\"IGM800T 2024\" class=\"w-image-h\"><img decoding=\"async\" width=\"2560\" height=\"1920\" src=\"https:\/\/www.igrek.com.tr\/wp-content\/uploads\/2025\/03\/IGM800T-2024-scaled.jpg\" class=\"attachment-full size-full\" alt=\"\" loading=\"lazy\" srcset=\"https:\/\/www.igrek.com.tr\/wp-content\/uploads\/2025\/03\/IGM800T-2024-scaled.jpg 2560w, https:\/\/www.igrek.com.tr\/wp-content\/uploads\/2025\/03\/IGM800T-2024-300x225.jpg 300w, https:\/\/www.igrek.com.tr\/wp-content\/uploads\/2025\/03\/IGM800T-2024-1024x768.jpg 1024w, https:\/\/www.igrek.com.tr\/wp-content\/uploads\/2025\/03\/IGM800T-2024-1440x1080.jpg 1440w\" sizes=\"auto, (max-width: 2560px) 100vw, 2560px\" \/><\/a><\/div><\/div><\/div><\/div><\/div><\/div><\/div><\/div><\/div><\/div><\/section><section class=\"l-section wpb_row block-1 height_auto width_full\"><div class=\"l-section-h i-cf\"><div class=\"g-cols vc_row via_flex valign_top type_default stacking_default\"><div class=\"vc_col-sm-6 wpb_column vc_column_container prodone border-blue prod-1  has_bg_color\"><div class=\"vc_column-inner us_custom_3bfbf98c us_animate_this\"><div class=\"wpb_wrapper\"><div class=\"g-cols wpb_row box via_flex valign_top type_default stacking_default\"><div class=\"vc_col-sm-12 wpb_column vc_column_container has_text_color\"><div class=\"vc_column-inner us_custom_6df4bc3a\"><div class=\"wpb_wrapper\"><div class=\"wpb_text_column us_custom_70facfb4\"><div class=\"wpb_wrapper\"><h5>E-Katalog<\/h5>\n<\/div><\/div><div class=\"wpb_text_column us_custom_94c6f09e\"><div class=\"wpb_wrapper\"><h3>\u0130grek Firmenkatalog<\/h3>\n<\/div><\/div><div class=\"wpb_text_column us_custom_70facfb4\"><div class=\"wpb_wrapper\"><p>Klicken Sie hier, um unseren Katalog herunterzuladen.<\/p>\n<\/div><\/div><div class=\"w-btn-wrapper align_none\"><a class=\"w-btn us-btn-style_3 icon_atright\" target=\"_blank\" rel=\"nofollow\" href=\"https:\/\/www.igrek.com.tr\/wp-content\/uploads\/pdf\/igrek_katalog.pdf\"><span class=\"w-btn-label\">Herunterladen<\/span><i class=\"fal fa-file-pdf\"><\/i><\/a><\/div><\/div><\/div><\/div><\/div><\/div><\/div><\/div><div class=\"vc_col-sm-6 wpb_column vc_column_container prodone prod-2  has_bg_color\"><div class=\"vc_column-inner us_custom_9016062c us_animate_this\"><div class=\"wpb_wrapper\"><div class=\"g-cols wpb_row box via_flex valign_top type_default stacking_default\"><div class=\"vc_col-sm-12 wpb_column vc_column_container has_text_color\"><div class=\"vc_column-inner us_custom_6df4bc3a\"><div class=\"wpb_wrapper\"><div class=\"wpb_text_column us_custom_70facfb4\"><div class=\"wpb_wrapper\"><h5>E-Katalog<\/h5>\n<\/div><\/div><div class=\"wpb_text_column us_custom_94c6f09e\"><div class=\"wpb_wrapper\"><h3>\u0130grek Werkzeugmaschinenkatalog<\/h3>\n<\/div><\/div><div class=\"wpb_text_column us_custom_70facfb4\"><div class=\"wpb_wrapper\"><p>Klicken Sie hier, um unseren Werkzeugmaschinenkatalog herunterzuladen.<\/p>\n<\/div><\/div><div class=\"w-btn-wrapper align_none\"><a class=\"w-btn us-btn-style_3 icon_atright\" target=\"_blank\" rel=\"nofollow\" href=\"https:\/\/www.igrek.com.tr\/wp-content\/uploads\/pdf\/igrek_igmkatalog.pdf\"><span class=\"w-btn-label\">Herunterladen<\/span><i class=\"fal fa-file-pdf\"><\/i><\/a><\/div><\/div><\/div><\/div><\/div><\/div><\/div><\/div><\/div><\/div><\/section><section class=\"l-section wpb_row block-1 height_auto width_full\"><div class=\"l-section-h i-cf\"><div class=\"g-cols vc_row via_flex valign_top type_default stacking_default\"><div class=\"vc_col-sm-6 wpb_column vc_column_container prodone border-blue prod-1  has_bg_color\"><div class=\"vc_column-inner us_custom_54822227 us_animate_this\"><div class=\"wpb_wrapper\"><div class=\"g-cols wpb_row box via_flex valign_top type_default stacking_default\"><div class=\"vc_col-sm-12 wpb_column vc_column_container has_text_color\"><div class=\"vc_column-inner us_custom_6df4bc3a\"><div class=\"wpb_wrapper\"><div class=\"wpb_text_column us_custom_70facfb4\"><div class=\"wpb_wrapper\"><h5>Igrek Machine Tools<\/h5>\n<\/div><\/div><div class=\"wpb_text_column us_custom_94c6f09e\"><div class=\"wpb_wrapper\"><h3>FR 3500 Gantry-Serie<\/h3>\n<h4>5-Achsen-Portalfr\u00e4smaschinen<\/h4>\n<\/div><\/div><div class=\"wpb_text_column us_custom_70facfb4\"><div class=\"wpb_wrapper\"><p>Klicken Sie hier, um unseren Katalog herunterzuladen.<\/p>\n<\/div><\/div><div class=\"w-btn-wrapper align_none\"><a class=\"w-btn us-btn-style_3 icon_atright\" target=\"_blank\" rel=\"nofollow\" href=\"https:\/\/www.igrek.com.tr\/e-catalogs\/FR3500 Series 25.pdf\"><span class=\"w-btn-label\">Herunterladen<\/span><i class=\"fal fa-file-pdf\"><\/i><\/a><\/div><\/div><\/div><\/div><\/div><\/div><\/div><\/div><div class=\"vc_col-sm-6 wpb_column vc_column_container prodone prod-2  has_bg_color\"><div class=\"vc_column-inner us_custom_dd64157f us_animate_this\"><div class=\"wpb_wrapper\"><div class=\"g-cols wpb_row box via_flex valign_top type_default stacking_default\"><div class=\"vc_col-sm-12 wpb_column vc_column_container has_text_color\"><div class=\"vc_column-inner us_custom_6df4bc3a\"><div class=\"wpb_wrapper\"><div class=\"wpb_text_column us_custom_70facfb4\"><div class=\"wpb_wrapper\"><h5>Igrek Machine Tools<\/h5>\n<\/div><\/div><div class=\"wpb_text_column us_custom_94c6f09e\"><div class=\"wpb_wrapper\"><h3 class=\"p1\">TT-Serie<\/h3>\n<h4><span>5-Achse Fr\u00e4s &#8211; Dreh Zentren<\/span><\/h4>\n<\/div><\/div><div class=\"wpb_text_column us_custom_70facfb4\"><div class=\"wpb_wrapper\"><p>Klicken Sie hier, um unseren Katalog f\u00fcr Werkzeugmaschinen der TT-Serie herunterzuladen.<\/p>\n<\/div><\/div><div class=\"w-btn-wrapper align_none\"><a class=\"w-btn us-btn-style_3 icon_atright\" target=\"_blank\" rel=\"nofollow\" href=\"https:\/\/www.igrek.com.tr\/e-catalogs\/5 Axis Mill+Turn Machining Centers.pdf\"><span class=\"w-btn-label\">Herunterladen<\/span><i class=\"fal fa-file-pdf\"><\/i><\/a><\/div><\/div><\/div><\/div><\/div><\/div><\/div><\/div><\/div><\/div><\/section>\n","protected":false},"excerpt":{"rendered":"WerkzeugmaschinenIntegrierte CNC-Werkzeugmaschinenproduktion Basierend auf unserer mehr als 75-j\u00e4hrigen Branchenerfahrung werden wir zur am st\u00e4rksten fokussierten und integrierten CNC-Werkzeugmaschinenfabrik in der T\u00fcrkei. Die Erfahrung des Unternehmens wurde durch die Lieferung von Werkzeugmaschinenteilen f\u00fcr den globalen Markt und die Zusammenarbeit mit einer hoch ausgestatteten internen Bearbeitungsabteilung erweitert. Diese Abteilung umfasst: Werkzeugmaschinen, Made in T\u00dcRK\u0130YE Das Konstruktions-, Montage-...","protected":false},"author":1,"featured_media":11081,"parent":0,"menu_order":0,"comment_status":"closed","ping_status":"closed","template":"","meta":{"footnotes":""},"class_list":["post-9430","page","type-page","status-publish","has-post-thumbnail","hentry"],"aioseo_notices":[],"_links":{"self":[{"href":"https:\/\/www.igrek.com.tr\/de\/wp-json\/wp\/v2\/pages\/9430","targetHints":{"allow":["GET"]}}],"collection":[{"href":"https:\/\/www.igrek.com.tr\/de\/wp-json\/wp\/v2\/pages"}],"about":[{"href":"https:\/\/www.igrek.com.tr\/de\/wp-json\/wp\/v2\/types\/page"}],"author":[{"embeddable":true,"href":"https:\/\/www.igrek.com.tr\/de\/wp-json\/wp\/v2\/users\/1"}],"replies":[{"embeddable":true,"href":"https:\/\/www.igrek.com.tr\/de\/wp-json\/wp\/v2\/comments?post=9430"}],"version-history":[{"count":22,"href":"https:\/\/www.igrek.com.tr\/de\/wp-json\/wp\/v2\/pages\/9430\/revisions"}],"predecessor-version":[{"id":11651,"href":"https:\/\/www.igrek.com.tr\/de\/wp-json\/wp\/v2\/pages\/9430\/revisions\/11651"}],"wp:featuredmedia":[{"embeddable":true,"href":"https:\/\/www.igrek.com.tr\/de\/wp-json\/wp\/v2\/media\/11081"}],"wp:attachment":[{"href":"https:\/\/www.igrek.com.tr\/de\/wp-json\/wp\/v2\/media?parent=9430"}],"curies":[{"name":"wp","href":"https:\/\/api.w.org\/{rel}","templated":true}]}}