{"id":9395,"date":"2021-01-05T10:08:34","date_gmt":"2021-01-05T07:08:34","guid":{"rendered":"https:\/\/www.igrek.com.tr\/?page_id=9395"},"modified":"2024-11-12T08:13:00","modified_gmt":"2024-11-12T05:13:00","slug":"qualitaet","status":"publish","type":"page","link":"https:\/\/www.igrek.com.tr\/de\/qualitaet\/","title":{"rendered":"Qualit\u00e4t"},"content":{"rendered":"<section class=\"l-section wpb_row height_medium color_primary with_img parallax_hor bgwidth_120\"><div class=\"l-section-img\" role=\"img\" aria-label=\"Bild\" data-img-width=\"2500\" data-img-height=\"738\" style=\"background-image: url(https:\/\/www.igrek.com.tr\/wp-content\/uploads\/2021\/01\/quality.jpg);\"><\/div><div class=\"l-section-overlay\" style=\"background:rgba(2,2,2,0.5)\"><\/div><div class=\"l-section-h i-cf\"><div class=\"g-cols vc_row via_flex valign_top type_default stacking_default\"><div class=\"vc_col-sm-12 wpb_column vc_column_container\"><div class=\"vc_column-inner\"><div class=\"wpb_wrapper\"><div class=\"wpb_text_column\"><div class=\"wpb_wrapper\"><h1>Qualit\u00e4t<\/h1>\n<\/div><\/div><\/div><\/div><\/div><\/div><\/div><\/section><section class=\"l-section wpb_row height_auto type_sticky\"><div class=\"l-section-overlay\" style=\"background:#00bfff\"><\/div><div class=\"l-section-h i-cf\"><div class=\"g-cols vc_row via_flex valign_top type_default stacking_default\"><div class=\"vc_col-sm-12 wpb_column vc_column_container\"><div class=\"vc_column-inner\"><div class=\"wpb_wrapper\"><nav class=\"w-menu us_custom_eb849559 layout_hor style_blocks us_menu_1\" style=\"--main-ver-indent:0.5em;--main-hor-indent:1em;--main-color:#ffffff;--main-hover-bg-color:#ffffff;--main-hover-color:var(--color-content-text);--main-active-bg-color:var(--color-content-secondary);--main-active-color:#ffffff;\"><ul id=\"menu-quality-menu-almanca\" class=\"menu\"><li id=\"menu-item-9533\" class=\"menu-item menu-item-type-custom menu-item-object-custom menu-item-9533\"><a href=\"#policy\">Qualit\u00e4tspolitik<\/a><\/li><li id=\"menu-item-9534\" class=\"menu-item menu-item-type-custom menu-item-object-custom menu-item-9534\"><a href=\"#certificates\">Zertifikate<\/a><\/li><li id=\"menu-item-9535\" class=\"menu-item menu-item-type-custom menu-item-object-custom menu-item-9535\"><a href=\"#lab\">Labor<\/a><\/li><li id=\"menu-item-9537\" class=\"menu-item menu-item-type-custom menu-item-object-custom menu-item-9537\"><a href=\"#measuring\">Scannen &#038; Messen<\/a><\/li><\/ul><style>@media ( max-width:600px ){.us_menu_1 .menu{display:block!important}.us_menu_1 .menu>li{margin:0 0 var(--main-gap,0)!important}}<\/style><\/nav><\/div><\/div><\/div><\/div><\/div><\/section><section class=\"l-section wpb_row height_auto width_full\" id=\"quality\"><div class=\"l-section-h i-cf\"><div class=\"g-cols vc_row via_flex valign_middle type_boxes stacking_default\"><div class=\"vc_col-sm-6 wpb_column vc_column_container has_bg_color us_animate_afl\"><div class=\"vc_column-inner us_custom_8981586b\"><div class=\"wpb_wrapper\"><div class=\"w-separator size_custom\" style=\"height:400px\"><\/div><\/div><\/div><\/div><div class=\"vc_col-sm-6 wpb_column vc_column_container us_animate_afl\"><div class=\"vc_column-inner\"><div class=\"wpb_wrapper\"><div class=\"wpb_text_column\"><div class=\"wpb_wrapper\"><h2>Unsere Priorit\u00e4t sind Kundenanforderungen und -bed\u00fcrfnisse<\/h2>\n<p>Die Qualit\u00e4tsabteilung von \u0130\u011frek Makina arbeitet um die Bedarfe und Erwartungen der Kunden zu erf\u00fcllen. Somit wird die st\u00e4ndige Entwicklung und lebenslange Unterst\u00fctzung erzielt. Die Firma hat seine Qualit\u00e4tsleistung mit ISO 9001 zertifiziert um die Anforderungen seiner Kunden mit bester Dienstleistung und L\u00f6sungen zu erf\u00fcllen.<\/p>\n<\/div><\/div><\/div><\/div><\/div><\/div><\/div><\/section><section class=\"l-section wpb_row height_auto width_full\" id=\"policy\"><div class=\"l-section-h i-cf\"><div class=\"g-cols vc_row via_flex valign_middle type_boxes reversed stacking_default\"><div class=\"vc_col-sm-6 wpb_column vc_column_container us_animate_afr\"><div class=\"vc_column-inner\"><div class=\"wpb_wrapper\"><div class=\"wpb_text_column\"><div class=\"wpb_wrapper\"><h2>Qualit\u00e4tspolitik<\/h2>\n<p class=\"p1\">\u0130\u011frek Makina f\u00fchrt seine Qualit\u00e4tspolitik gem\u00e4\u00df interner Kundenzufriedenheitsverst\u00e4ndnis, so dass jeder Vor-und Folgeprozess seine Aufgabe entsprechend t\u00e4tigt. Mit dem Verst\u00e4ndnis dass auch seine Lieferanten ein gebundenes Teil seiner Prozessverbesserung ist, legt die Firma auf die langfristigen und zuverl\u00e4ssigen Beziehungen mit seinen Lieferanten sehr hohem Wert auf.<\/p>\n<p class=\"p1\">Er erzielt hohen Profit durch Minderung der Aussch\u00fcsse mit hohem Qualit\u00e4tseinsatz, dem folgend Konkurrenzkraft durch Ratio und Kundenvielfalt. Die Firma f\u00fchrt auch entsprechende Aktivit\u00e4ten f\u00fcr die Umwelt zusammen mit seinen Mitarbeitern durch.<\/p>\n<\/div><\/div><\/div><\/div><\/div><div class=\"vc_col-sm-6 wpb_column vc_column_container has_bg_color us_animate_afr\"><div class=\"vc_column-inner us_custom_e86aaf0a\"><div class=\"wpb_wrapper\"><div class=\"w-separator size_custom\" style=\"height:400px\"><\/div><\/div><\/div><\/div><\/div><\/div><\/section><section class=\"l-section wpb_row height_medium color_alternate\" id=\"certificates\"><div class=\"l-section-h i-cf\"><div class=\"g-cols vc_row via_flex valign_middle type_default stacking_default\"><div class=\"vc_col-sm-3 wpb_column vc_column_container us_animate_afb\"><div class=\"vc_column-inner us_custom_192de34e\"><div class=\"wpb_wrapper\"><div class=\"w-image style_shadow-1 align_center meta_simple\"><a ref=\"magnificPopup\" href=\"https:\/\/www.igrek.com.tr\/wp-content\/uploads\/2022\/06\/4C68D455-D8A2-4263-A964-8FD3605BCE6D.jpeg\" aria-label=\"ISO 9001:2015\" class=\"w-image-h\"><img decoding=\"async\" width=\"212\" height=\"300\" src=\"https:\/\/www.igrek.com.tr\/wp-content\/uploads\/2022\/06\/4C68D455-D8A2-4263-A964-8FD3605BCE6D-212x300.jpeg\" class=\"attachment-medium size-medium\" alt=\"ISO 9001:2015\" loading=\"lazy\" srcset=\"https:\/\/www.igrek.com.tr\/wp-content\/uploads\/2022\/06\/4C68D455-D8A2-4263-A964-8FD3605BCE6D-212x300.jpeg 212w, https:\/\/www.igrek.com.tr\/wp-content\/uploads\/2022\/06\/4C68D455-D8A2-4263-A964-8FD3605BCE6D-724x1024.jpeg 724w, https:\/\/www.igrek.com.tr\/wp-content\/uploads\/2022\/06\/4C68D455-D8A2-4263-A964-8FD3605BCE6D-764x1080.jpeg 764w, https:\/\/www.igrek.com.tr\/wp-content\/uploads\/2022\/06\/4C68D455-D8A2-4263-A964-8FD3605BCE6D.jpeg 1131w\" sizes=\"auto, (max-width: 212px) 100vw, 212px\" \/><\/a><div class=\"w-image-meta\"><div class=\"w-image-title\">ISO 9001:2015<\/div><\/div><\/div><\/div><\/div><\/div><div class=\"vc_col-sm-3 wpb_column vc_column_container us_animate_afb\"><div class=\"vc_column-inner\"><div class=\"wpb_wrapper\"><div class=\"w-image style_shadow-1 align_center meta_simple\"><a ref=\"magnificPopup\" href=\"https:\/\/www.igrek.com.tr\/wp-content\/uploads\/2024\/11\/Igrek_ISO-14001_EN.jpg\" aria-label=\"ISO 14001\" class=\"w-image-h\"><img decoding=\"async\" width=\"212\" height=\"300\" src=\"https:\/\/www.igrek.com.tr\/wp-content\/uploads\/2024\/11\/Igrek_ISO-14001_EN-212x300.jpg\" class=\"attachment-medium size-medium\" alt=\"\" loading=\"lazy\" srcset=\"https:\/\/www.igrek.com.tr\/wp-content\/uploads\/2024\/11\/Igrek_ISO-14001_EN-212x300.jpg 212w, https:\/\/www.igrek.com.tr\/wp-content\/uploads\/2024\/11\/Igrek_ISO-14001_EN.jpg 595w\" sizes=\"auto, (max-width: 212px) 100vw, 212px\" \/><\/a><div class=\"w-image-meta\"><div class=\"w-image-title\">ISO 14001<\/div><\/div><\/div><\/div><\/div><\/div><div class=\"vc_col-sm-3 wpb_column vc_column_container\"><div class=\"vc_column-inner\"><div class=\"wpb_wrapper\"><div class=\"w-image style_shadow-1 align_center meta_simple\"><a ref=\"magnificPopup\" href=\"https:\/\/www.igrek.com.tr\/wp-content\/uploads\/2024\/11\/Igrek_ISO-45001_EN.jpg\" aria-label=\"ISO 45001\" class=\"w-image-h\"><img decoding=\"async\" width=\"212\" height=\"300\" src=\"https:\/\/www.igrek.com.tr\/wp-content\/uploads\/2024\/11\/Igrek_ISO-45001_EN-212x300.jpg\" class=\"attachment-medium size-medium\" alt=\"\" loading=\"lazy\" srcset=\"https:\/\/www.igrek.com.tr\/wp-content\/uploads\/2024\/11\/Igrek_ISO-45001_EN-212x300.jpg 212w, https:\/\/www.igrek.com.tr\/wp-content\/uploads\/2024\/11\/Igrek_ISO-45001_EN.jpg 595w\" sizes=\"auto, (max-width: 212px) 100vw, 212px\" \/><\/a><div class=\"w-image-meta\"><div class=\"w-image-title\">ISO 45001<\/div><\/div><\/div><\/div><\/div><\/div><div class=\"vc_col-sm-3 wpb_column vc_column_container\"><div class=\"vc_column-inner\"><div class=\"wpb_wrapper\"><div class=\"wpb_text_column\"><div class=\"wpb_wrapper\"><h3>Zertifikate<\/h3>\n<p>Die Firma hat seine Qualit\u00e4tsleistung mit ISO 9001 zertifiziert um die Anforderungen seiner Kunden mit bester Dienstleistung und L\u00f6sungen zu erf\u00fcllen.<\/p>\n<\/div><\/div><\/div><\/div><\/div><\/div><\/div><\/section><section class=\"l-section wpb_row height_custom width_full\" id=\"lab\"><div class=\"l-section-h i-cf\"><div class=\"g-cols vc_row via_flex valign_top type_default stacking_default\"><div class=\"vc_col-sm-12 wpb_column vc_column_container\"><div class=\"vc_column-inner\"><div class=\"wpb_wrapper\"><div class=\"w-separator size_medium with_line width_default thick_1 style_solid color_border align_center with_text with_content\"><div class=\"w-separator-h\"><h2 class=\"w-separator-text\"><span>Labor<\/span><\/h2><\/div><\/div><div class=\"g-cols wpb_row via_flex valign_middle type_default stacking_default\"><div class=\"vc_col-sm-6 wpb_column vc_column_container\"><div class=\"vc_column-inner\"><div class=\"wpb_wrapper\"><div class=\"w-image align_none\"><div class=\"w-image-h\"><img decoding=\"async\" width=\"1024\" height=\"768\" src=\"https:\/\/www.igrek.com.tr\/wp-content\/uploads\/2021\/01\/lab_01.jpg\" class=\"attachment-full size-full\" alt=\"\" loading=\"lazy\" srcset=\"https:\/\/www.igrek.com.tr\/wp-content\/uploads\/2021\/01\/lab_01.jpg 1024w, https:\/\/www.igrek.com.tr\/wp-content\/uploads\/2021\/01\/lab_01-300x225.jpg 300w\" sizes=\"auto, (max-width: 1024px) 100vw, 1024px\" \/><\/div><\/div><\/div><\/div><\/div><div class=\"vc_col-sm-6 wpb_column vc_column_container padding-block-right\"><div class=\"vc_column-inner\"><div class=\"wpb_wrapper\"><div class=\"wpb_text_column\"><div class=\"wpb_wrapper\"><h3>Solidcast<\/h3>\n<p>\u0130\u011frek Makine setzt Simulationsanalysen mit Solidcast Software f\u00fcr vorbeugende Qualit\u00e4tsma\u00dfnahmen bei der Gie\u00dferei vor der Verblendung ein.<\/p>\n<h4>Die Vorteile von der Gu\u00dfsimulation<\/h4>\n<ul class=\"plus\">\n<li>Vermeidung vom Ausschu\u00df,<\/li>\n<li>Simulation von Versorgung und Verbr\u00fcckung vor der Verformung,<\/li>\n<li>Vorsicht von Verh\u00e4rtung und Einzug durch Simulation,<\/li>\n<li>Revisionsm\u00f6glichkeiten auf der Gestaltungsstufe f\u00fcr eine Kosteneffektive und die beste Gu\u00dfformgestaltung mit Hilfe der Simulationsergebnisse,<\/li>\n<li>Kurzfristige Gestaltung der Gu\u00dfformteile und Gutausbringung in der ersten Fertigungsstufe,<\/li>\n<li>Hochqualifizierte und kosteng\u00fcnstige Teilefertigung.<\/li>\n<\/ul>\n<\/div><\/div><div class=\"w-separator size_medium\"><\/div><\/div><\/div><\/div><\/div><div class=\"g-cols wpb_row steps via_flex valign_middle type_boxes stacking_default\"><div class=\"vc_col-sm-3 wpb_column vc_column_container\"><div class=\"vc_column-inner\"><div class=\"wpb_wrapper\"><div class=\"w-image align_center meta_simple\"><div class=\"w-image-h\"><img decoding=\"async\" width=\"500\" height=\"375\" src=\"https:\/\/www.igrek.com.tr\/wp-content\/uploads\/2021\/01\/04.jpg\" class=\"attachment-full size-full\" alt=\"\" loading=\"lazy\" srcset=\"https:\/\/www.igrek.com.tr\/wp-content\/uploads\/2021\/01\/04.jpg 500w, https:\/\/www.igrek.com.tr\/wp-content\/uploads\/2021\/01\/04-300x225.jpg 300w\" sizes=\"auto, (max-width: 500px) 100vw, 500px\" \/><\/div><div class=\"w-image-meta\"><div class=\"w-image-title\">CAD Data<\/div><\/div><\/div><\/div><\/div><\/div><div class=\"vc_col-sm-3 wpb_column vc_column_container\"><div class=\"vc_column-inner\"><div class=\"wpb_wrapper\"><div class=\"w-image align_center meta_simple\"><div class=\"w-image-h\"><img decoding=\"async\" width=\"500\" height=\"375\" src=\"https:\/\/www.igrek.com.tr\/wp-content\/uploads\/2021\/01\/01.jpg\" class=\"attachment-full size-full\" alt=\"\" loading=\"lazy\" srcset=\"https:\/\/www.igrek.com.tr\/wp-content\/uploads\/2021\/01\/01.jpg 500w, https:\/\/www.igrek.com.tr\/wp-content\/uploads\/2021\/01\/01-300x225.jpg 300w\" sizes=\"auto, (max-width: 500px) 100vw, 500px\" \/><\/div><div class=\"w-image-meta\"><div class=\"w-image-title\">F\u00fcllen & Flie\u00dfen<\/div><\/div><\/div><\/div><\/div><\/div><div class=\"vc_col-sm-3 wpb_column vc_column_container\"><div class=\"vc_column-inner\"><div class=\"wpb_wrapper\"><div class=\"w-image align_center meta_simple\"><div class=\"w-image-h\"><img decoding=\"async\" width=\"500\" height=\"375\" src=\"https:\/\/www.igrek.com.tr\/wp-content\/uploads\/2021\/01\/02.jpg\" class=\"attachment-full size-full\" alt=\"\" loading=\"lazy\" srcset=\"https:\/\/www.igrek.com.tr\/wp-content\/uploads\/2021\/01\/02.jpg 500w, https:\/\/www.igrek.com.tr\/wp-content\/uploads\/2021\/01\/02-300x225.jpg 300w\" sizes=\"auto, (max-width: 500px) 100vw, 500px\" \/><\/div><div class=\"w-image-meta\"><div class=\"w-image-title\">K\u00fchlung<\/div><\/div><\/div><\/div><\/div><\/div><div class=\"vc_col-sm-3 wpb_column vc_column_container\"><div class=\"vc_column-inner\"><div class=\"wpb_wrapper\"><div class=\"w-image align_center meta_simple\"><div class=\"w-image-h\"><img decoding=\"async\" width=\"500\" height=\"375\" src=\"https:\/\/www.igrek.com.tr\/wp-content\/uploads\/2021\/01\/03.jpg\" class=\"attachment-full size-full\" alt=\"\" loading=\"lazy\" srcset=\"https:\/\/www.igrek.com.tr\/wp-content\/uploads\/2021\/01\/03.jpg 500w, https:\/\/www.igrek.com.tr\/wp-content\/uploads\/2021\/01\/03-300x225.jpg 300w\" sizes=\"auto, (max-width: 500px) 100vw, 500px\" \/><\/div><div class=\"w-image-meta\"><div class=\"w-image-title\">Erstarrung<\/div><\/div><\/div><\/div><\/div><\/div><\/div><div class=\"w-separator size_huge\"><\/div><div class=\"g-cols wpb_row via_flex valign_middle type_default reversed stacking_default\"><div class=\"vc_col-sm-6 wpb_column vc_column_container padding-block-left\"><div class=\"vc_column-inner\"><div class=\"wpb_wrapper\"><div class=\"wpb_text_column\"><div class=\"wpb_wrapper\"><h3>ATAS Thermales Analysensytem<\/h3>\n<p>Es ist ein Thermales Analysensytem das, die metallurgiesche Eigenschaften des verschmelzten Metalles beim Gu\u00dfeisen feststellt, m\u00f6gliche Fehler bei der Gie\u00dferei verhindert und die hochqualifizierte Gie\u00dferei sicherstellt.<br \/>\n\u0130\u011frek Makina stellt hochqualifizierte Gu\u00dfformteile her, durch den Einsatz von eigener Datagestaltung im Thermalanalysensytem bei der Gusseisen und sph\u00e4rischen Gie\u00dferei.<\/p>\n<\/div><\/div><div class=\"w-separator size_medium\"><\/div><div class=\"w-grid us_grid us_custom_eb849559 type_grid layout_gallery_with_titles_below cols_2 valign_center preload_style_spinner\" id=\"us_grid_1\" style=\"--columns:2;--gap:1.5rem;\" data-filterable=\"true\"><style>@media (max-width:600px){#us_grid_1{--columns:1!important}}.layout_gallery_with_titles_below .w-grid-item-h{}.layout_gallery_with_titles_below .usg_vwrapper_1{padding:0.5rem 1rem 1rem 1rem!important}.layout_gallery_with_titles_below .usg_post_title_1{font-size:0.8rem!important;line-height:1.6!important;margin-bottom:0!important}.layout_gallery_with_titles_below .usg_post_custom_field_1{font-size:0.8rem!important;line-height:1.6!important;margin-bottom:0!important}.layout_gallery_with_titles_below .usg_post_content_1{font-size:0.8rem!important;line-height:1.6!important;margin-bottom:0!important}.layout_gallery_with_titles_below .usg_post_content_2{color:var(--color-content-faded)!important;font-size:0.8rem!important;line-height:1.6!important;margin-top:0.2rem!important;margin-bottom:0.2rem!important}<\/style><div class=\"w-grid-list\">\t<article class=\"w-grid-item size_1x1 post-8811 attachment type-attachment status-inherit hentry\" data-id=\"8811\">\r\n\t\t<div class=\"w-grid-item-h\">\r\n\t\t\t\t\t\t<div class=\"w-post-elm post_image usg_post_image_1 has_ratio\"><img loading=\"lazy\" decoding=\"async\" width=\"449\" height=\"320\" src=\"https:\/\/www.igrek.com.tr\/wp-content\/uploads\/2021\/01\/06.jpg\" class=\"attachment-full size-full\" alt=\"\" \/><div style=\"padding-bottom:100%\"><\/div><\/div><div class=\"w-vwrapper usg_vwrapper_1 align_center valign_top\"><div class=\"w-post-elm post_title usg_post_title_1 hide_if_not_first entry-title color_link_inherit\">ATAS 1<\/div><\/div>\t\t<\/div>\r\n\t\t\t<\/article>\r\n\t<article class=\"w-grid-item size_1x1 post-8809 attachment type-attachment status-inherit hentry\" data-id=\"8809\">\r\n\t\t<div class=\"w-grid-item-h\">\r\n\t\t\t\t\t\t<div class=\"w-post-elm post_image usg_post_image_1 has_ratio\"><img loading=\"lazy\" decoding=\"async\" width=\"449\" height=\"320\" src=\"https:\/\/www.igrek.com.tr\/wp-content\/uploads\/2021\/01\/05.jpg\" class=\"attachment-full size-full\" alt=\"\" \/><div style=\"padding-bottom:100%\"><\/div><\/div><div class=\"w-vwrapper usg_vwrapper_1 align_center valign_top\"><div class=\"w-post-elm post_title usg_post_title_1 hide_if_not_first entry-title color_link_inherit\">ATAS 2<\/div><\/div>\t\t<\/div>\r\n\t\t\t<\/article>\r\n<\/div>\t<div class=\"w-grid-preloader\">\r\n\t\t<div class=\"g-preloader type_1\">\r\n\t\t\t<div><\/div>\r\n\t\t<\/div>\r\n\t<\/div>\r\n\t\t<div class=\"w-grid-json hidden\" onclick='return {&quot;action&quot;:&quot;us_ajax_grid&quot;,&quot;infinite_scroll&quot;:0,&quot;max_num_pages&quot;:1,&quot;pagination&quot;:&quot;none&quot;,&quot;template_vars&quot;:{&quot;columns&quot;:&quot;2&quot;,&quot;exclude_items&quot;:&quot;none&quot;,&quot;img_size&quot;:&quot;full&quot;,&quot;ignore_items_size&quot;:0,&quot;items_layout&quot;:&quot;gallery_with_titles_below&quot;,&quot;items_offset&quot;:&quot;1&quot;,&quot;load_animation&quot;:&quot;none&quot;,&quot;overriding_link&quot;:&quot;{\\&quot;url\\&quot;:\\&quot;\\&quot;}&quot;,&quot;post_id&quot;:0,&quot;query_args&quot;:{&quot;post_type&quot;:[&quot;attachment&quot;],&quot;post__in&quot;:[&quot;8149&quot;,&quot;8148&quot;],&quot;post_status&quot;:&quot;inherit&quot;,&quot;post_mime_type&quot;:&quot;image&quot;,&quot;posts_per_page&quot;:&quot;10&quot;},&quot;orderby_query_args&quot;:{&quot;orderby&quot;:{&quot;date&quot;:&quot;DESC&quot;}},&quot;type&quot;:&quot;grid&quot;,&quot;us_grid_post_type&quot;:&quot;attachment&quot;,&quot;us_grid_ajax_index&quot;:1,&quot;us_grid_filter_query_string&quot;:null,&quot;us_grid_index&quot;:1,&quot;page_args&quot;:[],&quot;lang&quot;:&quot;de&quot;}}'><\/div>\r\n\t<\/div><\/div><\/div><\/div><div class=\"vc_col-sm-6 wpb_column vc_column_container\"><div class=\"vc_column-inner\"><div class=\"wpb_wrapper\"><div class=\"w-image align_none\"><div class=\"w-image-h\"><img decoding=\"async\" width=\"1024\" height=\"768\" src=\"https:\/\/www.igrek.com.tr\/wp-content\/uploads\/2021\/01\/lab_02.jpg\" class=\"attachment-full size-full\" alt=\"\" loading=\"lazy\" srcset=\"https:\/\/www.igrek.com.tr\/wp-content\/uploads\/2021\/01\/lab_02.jpg 1024w, https:\/\/www.igrek.com.tr\/wp-content\/uploads\/2021\/01\/lab_02-300x225.jpg 300w\" sizes=\"auto, (max-width: 1024px) 100vw, 1024px\" \/><\/div><\/div><\/div><\/div><\/div><\/div><div class=\"g-cols wpb_row via_flex valign_middle type_default stacking_default\"><div class=\"vc_col-sm-6 wpb_column vc_column_container\"><div class=\"vc_column-inner\"><div class=\"wpb_wrapper\"><div class=\"w-image align_none\"><div class=\"w-image-h\"><img decoding=\"async\" width=\"1440\" height=\"1080\" src=\"https:\/\/www.igrek.com.tr\/wp-content\/uploads\/2021\/01\/lab_03.jpg\" class=\"attachment-full size-full\" alt=\"\" loading=\"lazy\" srcset=\"https:\/\/www.igrek.com.tr\/wp-content\/uploads\/2021\/01\/lab_03.jpg 1440w, https:\/\/www.igrek.com.tr\/wp-content\/uploads\/2021\/01\/lab_03-300x225.jpg 300w, https:\/\/www.igrek.com.tr\/wp-content\/uploads\/2021\/01\/lab_03-1024x768.jpg 1024w\" sizes=\"auto, (max-width: 1440px) 100vw, 1440px\" \/><\/div><\/div><\/div><\/div><\/div><div class=\"vc_col-sm-6 wpb_column vc_column_container padding-block-right\"><div class=\"vc_column-inner\"><div class=\"wpb_wrapper\"><div class=\"wpb_text_column\"><div class=\"wpb_wrapper\"><h3>Zerst\u00f6rerische und zerst\u00f6rungsfreie Inspektionsmethoden<\/h3>\n<ul class=\"plus\">\n<li>Oxford Foundry Master Pro CCD-Spektrometer f\u00fcr die Materialanalyse<\/li>\n<li>Al\u015fa 20 Tonnen (200 kN) hydraulische Belastung, computergesteuertes Zugfestigkeitspr\u00fcfger\u00e4t<\/li>\n<li>Karl Deutsch Ultraschallsteuerger\u00e4t<\/li>\n<li>Al\u015fa 450 J Schlagpr\u00fcfger\u00e4t<\/li>\n<li>Equotip tragbare Messger\u00e4te<\/li>\n<li>Magnetpulverpr\u00fcfung<\/li>\n<li>Farbstoffpenetrationsinspektion<\/li>\n<\/ul>\n<\/div><\/div><\/div><\/div><\/div><\/div><\/div><\/div><\/div><\/div><\/div><\/section><section class=\"l-section wpb_row height_custom width_full\" id=\"measuring\"><div class=\"l-section-h i-cf\"><div class=\"g-cols vc_row via_flex valign_middle type_default reversed stacking_default\"><div class=\"vc_col-sm-6 wpb_column vc_column_container padding-block-left\"><div class=\"vc_column-inner\"><div class=\"wpb_wrapper\"><div class=\"wpb_text_column\"><div class=\"wpb_wrapper\"><h3>3D-Scannen und -Messen<\/h3>\n<p>GOM ATOS III Triple Scan- und Tritop XL-Systeme wurden in unserem Unternehmen eingesetzt. Aufgrund von Modell, Guss und Verarbeitung werden Ihre Teile durch pr\u00e4zises Messen und Scannen gemeldet.<\/p>\n<\/div><\/div><div class=\"w-grid us_grid us_custom_eb849559 type_grid layout_gallery_default cols_2 valign_center preload_style_spinner\" id=\"us_grid_2\" style=\"--columns:2;--gap:1.5rem;\" data-filterable=\"true\"><style>@media (max-width:600px){#us_grid_2{--columns:1!important}}.layout_gallery_default .w-grid-item-h{}<\/style><div class=\"w-grid-list\">\t<article class=\"w-grid-item size_1x1 post-8827 attachment type-attachment status-inherit hentry\" data-id=\"8827\">\r\n\t\t<div class=\"w-grid-item-h\">\r\n\t\t\t\t\t\t<div class=\"w-post-elm post_image usg_post_image_1 stretched\"><img loading=\"lazy\" decoding=\"async\" width=\"300\" height=\"225\" src=\"https:\/\/www.igrek.com.tr\/wp-content\/uploads\/2021\/01\/lab_04-300x225.jpg\" class=\"attachment-medium size-medium\" alt=\"\" srcset=\"https:\/\/www.igrek.com.tr\/wp-content\/uploads\/2021\/01\/lab_04-300x225.jpg 300w, https:\/\/www.igrek.com.tr\/wp-content\/uploads\/2021\/01\/lab_04-1024x768.jpg 1024w, https:\/\/www.igrek.com.tr\/wp-content\/uploads\/2021\/01\/lab_04.jpg 1080w\" sizes=\"auto, (max-width: 300px) 100vw, 300px\" \/><\/div>\t\t<\/div>\r\n\t\t\t<\/article>\r\n\t<article class=\"w-grid-item size_1x1 post-8825 attachment type-attachment status-inherit hentry\" data-id=\"8825\">\r\n\t\t<div class=\"w-grid-item-h\">\r\n\t\t\t\t\t\t<div class=\"w-post-elm post_image usg_post_image_1 stretched\"><img loading=\"lazy\" decoding=\"async\" width=\"300\" height=\"225\" src=\"https:\/\/www.igrek.com.tr\/wp-content\/uploads\/2021\/01\/atas-300x225.jpg\" class=\"attachment-medium size-medium\" alt=\"\" srcset=\"https:\/\/www.igrek.com.tr\/wp-content\/uploads\/2021\/01\/atas-300x225.jpg 300w, https:\/\/www.igrek.com.tr\/wp-content\/uploads\/2021\/01\/atas-1024x768.jpg 1024w, https:\/\/www.igrek.com.tr\/wp-content\/uploads\/2021\/01\/atas.jpg 1080w\" sizes=\"auto, (max-width: 300px) 100vw, 300px\" \/><\/div>\t\t<\/div>\r\n\t\t\t<\/article>\r\n<\/div>\t<div class=\"w-grid-preloader\">\r\n\t\t<div class=\"g-preloader type_1\">\r\n\t\t\t<div><\/div>\r\n\t\t<\/div>\r\n\t<\/div>\r\n\t\t<div class=\"w-grid-json hidden\" onclick='return {&quot;action&quot;:&quot;us_ajax_grid&quot;,&quot;infinite_scroll&quot;:0,&quot;max_num_pages&quot;:1,&quot;pagination&quot;:&quot;none&quot;,&quot;template_vars&quot;:{&quot;columns&quot;:&quot;2&quot;,&quot;exclude_items&quot;:&quot;none&quot;,&quot;img_size&quot;:&quot;medium&quot;,&quot;ignore_items_size&quot;:0,&quot;items_layout&quot;:&quot;gallery_default&quot;,&quot;items_offset&quot;:&quot;1&quot;,&quot;load_animation&quot;:&quot;none&quot;,&quot;overriding_link&quot;:&quot;{\\&quot;url\\&quot;:\\&quot;\\&quot;}&quot;,&quot;post_id&quot;:0,&quot;query_args&quot;:{&quot;post_type&quot;:[&quot;attachment&quot;],&quot;post__in&quot;:[&quot;8206&quot;,&quot;8205&quot;],&quot;post_status&quot;:&quot;inherit&quot;,&quot;post_mime_type&quot;:&quot;image&quot;,&quot;posts_per_page&quot;:&quot;10&quot;},&quot;orderby_query_args&quot;:{&quot;orderby&quot;:{&quot;date&quot;:&quot;DESC&quot;}},&quot;type&quot;:&quot;grid&quot;,&quot;us_grid_post_type&quot;:&quot;attachment&quot;,&quot;us_grid_ajax_index&quot;:2,&quot;us_grid_filter_query_string&quot;:null,&quot;us_grid_index&quot;:2,&quot;page_args&quot;:[],&quot;lang&quot;:&quot;de&quot;}}'><\/div>\r\n\t<\/div><\/div><\/div><\/div><div class=\"vc_col-sm-6 wpb_column vc_column_container\"><div class=\"vc_column-inner\"><div class=\"wpb_wrapper\"><div class=\"w-image align_none\"><div class=\"w-image-h\"><img decoding=\"async\" width=\"900\" height=\"1200\" src=\"https:\/\/www.igrek.com.tr\/wp-content\/uploads\/2021\/01\/atos.jpg\" class=\"attachment-full size-full\" alt=\"\" loading=\"lazy\" srcset=\"https:\/\/www.igrek.com.tr\/wp-content\/uploads\/2021\/01\/atos.jpg 900w, https:\/\/www.igrek.com.tr\/wp-content\/uploads\/2021\/01\/atos-225x300.jpg 225w, https:\/\/www.igrek.com.tr\/wp-content\/uploads\/2021\/01\/atos-768x1024.jpg 768w\" sizes=\"auto, (max-width: 900px) 100vw, 900px\" \/><\/div><\/div><\/div><\/div><\/div><\/div><\/div><\/section>\n","protected":false},"excerpt":{"rendered":"","protected":false},"author":1,"featured_media":0,"parent":0,"menu_order":0,"comment_status":"closed","ping_status":"closed","template":"","meta":{"footnotes":""},"class_list":["post-9395","page","type-page","status-publish","hentry"],"aioseo_notices":[],"_links":{"self":[{"href":"https:\/\/www.igrek.com.tr\/de\/wp-json\/wp\/v2\/pages\/9395","targetHints":{"allow":["GET"]}}],"collection":[{"href":"https:\/\/www.igrek.com.tr\/de\/wp-json\/wp\/v2\/pages"}],"about":[{"href":"https:\/\/www.igrek.com.tr\/de\/wp-json\/wp\/v2\/types\/page"}],"author":[{"embeddable":true,"href":"https:\/\/www.igrek.com.tr\/de\/wp-json\/wp\/v2\/users\/1"}],"replies":[{"embeddable":true,"href":"https:\/\/www.igrek.com.tr\/de\/wp-json\/wp\/v2\/comments?post=9395"}],"version-history":[{"count":2,"href":"https:\/\/www.igrek.com.tr\/de\/wp-json\/wp\/v2\/pages\/9395\/revisions"}],"predecessor-version":[{"id":10898,"href":"https:\/\/www.igrek.com.tr\/de\/wp-json\/wp\/v2\/pages\/9395\/revisions\/10898"}],"wp:attachment":[{"href":"https:\/\/www.igrek.com.tr\/de\/wp-json\/wp\/v2\/media?parent=9395"}],"curies":[{"name":"wp","href":"https:\/\/api.w.org\/{rel}","templated":true}]}}