{"id":9385,"date":"2013-09-06T15:19:20","date_gmt":"2013-09-06T12:19:20","guid":{"rendered":"https:\/\/www.igrek.com.tr\/?page_id=9385"},"modified":"2025-11-29T17:49:45","modified_gmt":"2025-11-29T14:49:45","slug":"kontakt","status":"publish","type":"page","link":"https:\/\/www.igrek.com.tr\/de\/kontakt\/","title":{"rendered":"Kontakt"},"content":{"rendered":"<section class=\"l-section wpb_row border-blue height_medium color_primary with_img parallax_hor bgwidth_120\"><div class=\"l-section-img\" role=\"img\" aria-label=\"Bild\" data-img-width=\"2560\" data-img-height=\"1080\" style=\"background-image: url(https:\/\/www.igrek.com.tr\/wp-content\/uploads\/2021\/01\/igrek-map.jpg);background-repeat: no-repeat;\"><\/div><div class=\"l-section-overlay\" style=\"background:rgba(2,2,2,0.5)\"><\/div><div class=\"l-section-h i-cf\"><div class=\"g-cols vc_row via_flex valign_top type_default stacking_default\"><div class=\"vc_col-sm-12 wpb_column vc_column_container\"><div class=\"vc_column-inner\"><div class=\"wpb_wrapper\"><div class=\"wpb_text_column\"><div class=\"wpb_wrapper\"><h1>Kontakt<\/h1>\n<\/div><\/div><\/div><\/div><\/div><\/div><\/div><\/section><section class=\"l-section wpb_row height_custom\"><div class=\"l-section-h i-cf\"><div class=\"g-cols vc_row via_flex valign_top type_default stacking_default\" style=\"--additional-gap:10px;\"><div class=\"vc_col-sm-6 wpb_column vc_column_container\"><div class=\"vc_column-inner\"><div class=\"wpb_wrapper\"><div class=\"w-tabs layout_hor style_default switch_click has_scrolling\" style=\"--sections-title-size:1em\"><div class=\"w-tabs-list items_2 align_none\"><div class=\"w-tabs-list-h\"><button class=\"w-tabs-item active\" aria-controls=\"content-o1bc\" aria-expanded=\"false\"><span class=\"w-tabs-item-title\">Deutschland<\/span><\/button><button class=\"w-tabs-item\" aria-controls=\"content-v01c\" aria-expanded=\"false\"><span class=\"w-tabs-item-title\">T\u00fcrkei<\/span><\/button><\/div><\/div><div class=\"w-tabs-sections titles-align_none icon_chevron cpos_right\"><div class=\"w-tabs-section active\" id=\"o1bc\"><button class=\"w-tabs-section-header active\" aria-controls=\"content-o1bc\" aria-expanded=\"true\"><div class=\"w-tabs-section-title\">Deutschland<\/div><div class=\"w-tabs-section-control\"><\/div><\/button><div  class=\"w-tabs-section-content\" id=\"content-o1bc\"><div class=\"w-tabs-section-content-h i-cf\">[vc_raw_html]JTNDaWZyYW1lJTIwc3JjJTNEJTIyaHR0cHMlM0ElMkYlMkZ3d3cuZ29vZ2xlLmNvbSUyRm1hcHMlMkZlbWJlZCUzRnBiJTNEJTIxMW0xOCUyMTFtMTIlMjExbTMlMjExZDI0ODEuODEzNzg3MDEyMDA0NSUyMTJkNy4xMTU1ODM2MTU3NzA5ODMlMjEzZDUxLjUzNDk3NTE3OTYzOTcxJTIxMm0zJTIxMWYwJTIxMmYwJTIxM2YwJTIxM20yJTIxMWkxMDI0JTIxMmk3NjglMjE0ZjEzLjElMjEzbTMlMjExbTIlMjExczB4MCUyNTNBMHg1MGExZDk2ZGY5ZjA3N2Q5JTIxMnNJZ3JlayUyNTIwTWFzY2hpbmVuYmF1JTI1MjBWZXJ0cmllYnMlMjUyMEdtYmglMjE1ZTAlMjEzbTIlMjExc2VuJTIxMnN0ciUyMTR2MTY0NTE5MDkwMTk1NCUyMTVtMiUyMTFzZW4lMjEyc3RyJTIyJTIwd2lkdGglM0QlMjIxMDAlMjUlMjIlMjBoZWlnaHQlM0QlMjI0NTAlMjIlMjBzdHlsZSUzRCUyMmJvcmRlciUzQTAlM0IlMjIlMjBhbGxvd2Z1bGxzY3JlZW4lM0QlMjIlMjIlMjBsb2FkaW5nJTNEJTIybGF6eSUyMiUzRSUzQyUyRmlmcmFtZSUzRQ==[\/vc_raw_html]<div class=\"w-separator size_large\"><\/div><div class=\"wpb_text_column\"><div class=\"wpb_wrapper\"><h3>Igrek Maschinenbau Vertriebs Gmbh<\/h3>\n<\/div><\/div><div class=\"w-separator size_small\"><\/div><div class=\"w-iconbox iconpos_left style_circle color_primary align_left no_text\"><div class=\"w-iconbox-icon\" style=\"font-size:21px;\"><i class=\"far fa-map-marker-alt\"><\/i><\/div><div class=\"w-iconbox-meta\"><h4 class=\"w-iconbox-title\">Kluserweg 1 58091 Hagen, Deutschland<\/h4><\/div><\/div><div class=\"w-separator size_small\"><\/div><div class=\"w-iconbox iconpos_left style_circle color_primary align_left no_title\"><div class=\"w-iconbox-icon\" style=\"font-size:21px;\"><i class=\"fal fa-envelope\"><\/i><\/div><div class=\"w-iconbox-meta\"><div class=\"w-iconbox-text\"><h4><a href=\"&#x6d;&#x61;&#x69;&#x6c;&#116;&#111;&#58;ig&#x72;&#x65;&#x6b;&#x40;&#x69;&#103;&#114;&#101;kg&#x6d;&#x62;&#x68;&#x2e;&#x64;&#101;\">igr&#101;&#107;&#64;&#x69;&#x67;&#x72;&#x65;&#x6b;&#x67;mbh&#46;&#100;&#101;<\/a><\/h4>\n<\/div><\/div><\/div><\/div><\/div><\/div><div class=\"w-tabs-section\" id=\"v01c\"><button class=\"w-tabs-section-header\" aria-controls=\"content-v01c\" aria-expanded=\"false\"><div class=\"w-tabs-section-title\">T\u00fcrkei<\/div><div class=\"w-tabs-section-control\"><\/div><\/button><div  class=\"w-tabs-section-content\" id=\"content-v01c\"><div class=\"w-tabs-section-content-h i-cf\">[vc_raw_html]JTNDaWZyYW1lJTIwc3JjJTNEJTIyaHR0cHMlM0ElMkYlMkZ3d3cuZ29vZ2xlLmNvbSUyRm1hcHMlMkZlbWJlZCUzRnBiJTNEJTIxMW0xOCUyMTFtMTIlMjExbTMlMjExZDMwNDUuNjM1NzI2MjgyNjgxNCUyMTJkMjguOTY1MTI2MzUxNzg5NDIlMjEzZDQwLjIzOTQwMDg3OTI4NDcxJTIxMm0zJTIxMWYwJTIxMmYwJTIxM2YwJTIxM20yJTIxMWkxMDI0JTIxMmk3NjglMjE0ZjEzLjElMjEzbTMlMjExbTIlMjExczB4MTRjYTE0N2E3YTViODllYiUyNTNBMHhiNjhlY2M4YzNmYTMwMzRlJTIxMnp4TERFbjNKbGF5Qk5ZV3RwYm1FJTIxNWUwJTIxM20yJTIxMXNlbiUyMTJzdHIlMjE0djE2NDUxOTA5NzQ5NjIlMjE1bTIlMjExc2VuJTIxMnN0ciUyMiUyMHdpZHRoJTNEJTIyMTAwJTI1JTIyJTIwaGVpZ2h0JTNEJTIyNDUwJTIyJTIwc3R5bGUlM0QlMjJib3JkZXIlM0EwJTNCJTIyJTIwYWxsb3dmdWxsc2NyZWVuJTNEJTIyJTIyJTIwbG9hZGluZyUzRCUyMmxhenklMjIlM0UlM0MlMkZpZnJhbWUlM0U=[\/vc_raw_html]<div class=\"w-separator size_large\"><\/div><div class=\"wpb_text_column\"><div class=\"wpb_wrapper\"><h3>\u0130\u011frek Makina San. ve Tic. A.\u015e.<\/h3>\n<\/div><\/div><div class=\"w-separator size_small\"><\/div><div class=\"w-iconbox iconpos_left style_circle color_primary align_left no_text\"><div class=\"w-iconbox-icon\" style=\"font-size:21px;\"><i class=\"far fa-map-marker-alt\"><\/i><\/div><div class=\"w-iconbox-meta\"><h4 class=\"w-iconbox-title\">Fethiyeosb Mah.\/Organizesanayi A.O. S\u00f6nmez Bulv. No:10 16215 Nil\u00fcfer\/BURSA<\/h4><\/div><\/div><div class=\"w-separator size_small\"><\/div><div class=\"w-iconbox iconpos_left style_circle color_primary align_left no_title\"><div class=\"w-iconbox-icon\" style=\"font-size:21px;\"><i class=\"far fa-phone\"><\/i><\/div><div class=\"w-iconbox-meta\"><div class=\"w-iconbox-text\"><h4><a href=\"&#116;&#x65;l&#58;&#x2b;9&#48;&#x32;2&#52;&#x32;4&#51;&#x31;&#54;&#x30;&#x36;\">&#x2b;&#57;&#x30;&#x20;(&#x32;&#50;4&#x29;&#32;2&#x34;&#51;&#x20;&#x31;6&#x20;&#48;6<\/a><\/h4>\n<\/div><\/div><\/div><div class=\"w-separator size_small\"><\/div><div class=\"w-iconbox iconpos_left style_circle color_primary align_left no_title\"><div class=\"w-iconbox-icon\" style=\"font-size:21px;\"><i class=\"far fa-phone\"><\/i><\/div><div class=\"w-iconbox-meta\"><div class=\"w-iconbox-text\"><h4><a href=\"&#116;&#x65;&#108;&#x3a;&#43;&#x39;&#48;&#x32;2&#x34;2&#x34;3&#x31;6&#48;&#x37;\">&#x2b;&#57;0&#x20;&#40;&#50;&#x32;&#x34;&#41; &#x32;&#52;3&#x20;&#x31;&#54; &#x30;&#55;<\/a><\/h4>\n<\/div><\/div><\/div><div class=\"w-separator size_small\"><\/div><div class=\"w-iconbox iconpos_left style_circle color_primary align_left no_title\"><div class=\"w-iconbox-icon\" style=\"font-size:21px;\"><i class=\"far fa-phone\"><\/i><\/div><div class=\"w-iconbox-meta\"><div class=\"w-iconbox-text\"><h4><a href=\"&#116;&#x65;&#108;&#x3a;&#43;&#x39;0&#x32;2&#x34;2&#52;&#x33;&#49;&#x33;&#50;&#x30;\">&#x2b;&#x39;&#48; (&#x32;&#x32;&#52;&#41; &#x32;&#x34;&#51;&#32;1&#x33;&#x20;&#x32;&#48;<\/a><\/h4>\n<\/div><\/div><\/div><div class=\"w-separator size_small\"><\/div><div class=\"w-iconbox iconpos_left style_circle color_primary align_left no_title\"><div class=\"w-iconbox-icon\" style=\"font-size:21px;\"><i class=\"far fa-envelope\"><\/i><\/div><div class=\"w-iconbox-meta\"><div class=\"w-iconbox-text\"><h4><a href=\"&#109;&#x61;i&#108;&#x74;&#111;&#x3a;c&#111;&#x6e;t&#x61;&#x63;&#116;&#x40;i&#103;&#x72;e&#x6b;&#x2e;&#99;&#x6f;m&#46;&#x74;&#114;\">&#x63;&#x6f;&#x6e;&#x74;&#x61;&#x63;&#116;&#64;&#105;&#103;rek&#46;&#x63;&#x6f;&#x6d;&#x2e;&#x74;&#x72;<\/a><\/h4>\n<\/div><\/div><\/div><\/div><\/div><\/div><\/div><\/div><\/div><\/div><\/div><div class=\"vc_col-sm-6 wpb_column vc_column_container\"><div class=\"vc_column-inner\"><div class=\"wpb_wrapper\"><div class=\"wpb_text_column\"><div class=\"wpb_wrapper\"><h3>Kommunikationsformular<\/h3>\n<p>Um Sie besser zu bedienen und rasche R\u00fcckmeldung zu geben, bitten wir Sie das Kommunikationsformular l\u00fcckenlos auszuf\u00fcllen.<\/p>\n<\/div><\/div><div class=\"w-separator size_small\"><\/div><form class=\"w-form  us-field-style_1 layout_ver show_message_after_sending for_cform us_form_1\" action=\"https:\/\/www.igrek.com.tr\/de\/wp-json\/wp\/v2\/pages\/9385\" method=\"post\"><div class=\"w-form-h\"><div class=\"w-form-row for_text required with_icon\">\r\n\t\t<div class=\"w-form-row-field\">\r\n\t\t\t\t<i class=\"far fa-user\"><\/i>\t\t<input aria-label=\"Name\" type=\"text\" name=\"us_form_1_text_1\" value placeholder=\"Name *\" data-required=\"true\" aria-required=\"true\"\/>\r\n\t\t\t<\/div>\r\n\t\t<div class=\"w-form-row-state\">Bitte f\u00fcllen Sie dieses Feld aus.<\/div>\r\n<\/div>\r\n<div class=\"w-form-row for_text with_icon\">\r\n\t\t<div class=\"w-form-row-field\">\r\n\t\t\t\t<i class=\"fal fa-suitcase\"><\/i>\t\t<input aria-label=\"Unternehmen\" type=\"text\" name=\"us_form_1_text_2\" value placeholder=\"Unternehmen\"\/>\r\n\t\t\t<\/div>\r\n\t\t<div class=\"w-form-row-state\">Bitte f\u00fcllen Sie dieses Feld aus.<\/div>\r\n<\/div>\r\n<div class=\"w-form-row for_text required with_icon\">\r\n\t\t<div class=\"w-form-row-field\">\r\n\t\t\t\t<i class=\"far fa-envelope\"><\/i>\t\t<input aria-label=\"Email\" type=\"text\" name=\"us_form_1_text_3\" value placeholder=\"Email *\" data-required=\"true\" aria-required=\"true\"\/>\r\n\t\t\t<\/div>\r\n\t\t<div class=\"w-form-row-state\">Bitte f\u00fcllen Sie dieses Feld aus.<\/div>\r\n<\/div>\r\n<div class=\"w-form-row for_text with_icon\">\r\n\t\t<div class=\"w-form-row-field\">\r\n\t\t\t\t<i class=\"far fa-phone\"><\/i>\t\t<input aria-label=\"Telephon\" inputmode=\"tel\" type=\"text\" name=\"us_form_1_text_4\" value placeholder=\"Telephon\"\/>\r\n\t\t\t<\/div>\r\n\t\t<div class=\"w-form-row-state\">Bitte f\u00fcllen Sie dieses Feld aus.<\/div>\r\n<\/div>\r\n<div class=\"w-form-row for_textarea required with_icon\">\r\n\t\t<div class=\"w-form-row-field\">\r\n\t\t\t\t<i class=\"far fa-pencil\"><\/i>\t\t<textarea aria-label=\"Meldung\" name=\"us_form_1_textarea_1\" placeholder=\"Meldung *\" data-required=\"true\" aria-required=\"true\"><\/textarea>\r\n\t\t\t<\/div>\r\n\t\t<div class=\"w-form-row-state\">Bitte f\u00fcllen Sie dieses Feld aus.<\/div>\r\n<\/div>\r\n<div class=\"w-form-row for_captcha has_label required with_icon\">\r\n\t<div class=\"w-form-row-label\">\r\n\t\t<span>Captcha: <span>29 + 5 = ?<\/span><\/span>\r\n\t<\/div>\r\n\t<div class=\"w-form-row-field\">\r\n\t\t\t\t<input type=\"hidden\" name=\"us_form_1_captcha_1_hash\" value=\"263c21ccb764300bc23c8101e69db81f\" \/>\r\n\t\t<i class=\"fal fa-question-circle\"><\/i>\t\t<input aria-label=\"Captcha:\" type=\"text\" name=\"us_form_1_captcha_1\" placeholder data-required=\"true\" aria-required=\"true\"\/>\r\n\t\t\t<\/div>\r\n\t\t\t<div class=\"w-form-row-description\">\r\n\t\t\tStellen Sie sicher, dass Sie ein Mensch sind\t\t<\/div>\r\n\t\t<div class=\"w-form-row-state\">Bitte geben Sie das Ergebnis ein, um fortzufahren<\/div>\r\n<\/div>\r\n<div class=\"w-form-row for_agreement required\">\r\n\t\t\t<div class=\"w-form-row-label\">\r\n\t\t\t<span>Datenschutz-Bestimmungen <span class=\"required\">*<\/span><\/span>\r\n\t\t<\/div>\r\n\t\t<div class=\"w-form-row-field\">\r\n\t\t\t\t<label>\r\n\t\t\t<input type=\"checkbox\" value=\"1\" data-required=\"true\" aria-required=\"true\" name=\"us_form_1_agreement_1\"\/>\r\n\t\t\t<span>Ich akzeptiere die Datenschutzbestimmungen.<\/span>\r\n\t\t<\/label>\r\n\t\t\t<\/div>\r\n\t\t<div class=\"w-form-row-state\">Sie m\u00fcssen den Bedingungen zustimmen, um fortzufahren.<\/div>\r\n<\/div>\r\n<input type=\"hidden\" name=\"action\" value=\"us_ajax_cform\" \/>\r\n<input type=\"hidden\" name=\"post_id\" value=\"0\" \/>\r\n<input type=\"hidden\" name=\"form_index\" value=\"1\" \/>\r\n<div class=\"w-form-row for_submit align_none\">\r\n\t<button class=\"w-btn icon_atright us-btn-style_1\" aria-label=\"Absenden\" type=\"submit\">\r\n\t\t<span class=\"g-preloader type_1\"><\/span>\r\n\t\t\t\t<span class=\"w-btn-label\">Absenden<\/span>\r\n\t\t<i class=\"fal fa-paper-plane\"><\/i>\t<\/button>\r\n\t<\/div>\r\n<\/div><div class=\"w-form-message\"><\/div><div class=\"w-form-json hidden\" onclick='return {&quot;ajaxurl&quot;:&quot;https:\\\/\\\/www.igrek.com.tr\\\/wp-admin\\\/admin-ajax.php&quot;,&quot;messages&quot;:{&quot;err_empty&quot;:&quot;Bitte f\\u00fcllen Sie dieses Feld aus.&quot;,&quot;err_size&quot;:&quot;Die Dateigr\\u00f6\\u00dfe darf %s MB nicht \\u00fcberschreiten&quot;,&quot;err_extension&quot;:&quot;Dateityp %s ist nicht zul\\u00e4ssig&quot;,&quot;err_recaptcha_keys&quot;:&quot;reCAPTCHA-Schl\\u00fcssel sind fehlerhaft&quot;}}'><\/div><\/form><\/div><\/div><\/div><\/div><\/div><\/section>\n","protected":false},"excerpt":{"rendered":"Kontakt DeutschlandT\u00fcrkeiDeutschland[vc_raw_html]JTNDaWZyYW1lJTIwc3JjJTNEJTIyaHR0cHMlM0ElMkYlMkZ3d3cuZ29vZ2xlLmNvbSUyRm1hcHMlMkZlbWJlZCUzRnBiJTNEJTIxMW0xOCUyMTFtMTIlMjExbTMlMjExZDI0ODEuODEzNzg3MDEyMDA0NSUyMTJkNy4xMTU1ODM2MTU3NzA5ODMlMjEzZDUxLjUzNDk3NTE3OTYzOTcxJTIxMm0zJTIxMWYwJTIxMmYwJTIxM2YwJTIxM20yJTIxMWkxMDI0JTIxMmk3NjglMjE0ZjEzLjElMjEzbTMlMjExbTIlMjExczB4MCUyNTNBMHg1MGExZDk2ZGY5ZjA3N2Q5JTIxMnNJZ3JlayUyNTIwTWFzY2hpbmVuYmF1JTI1MjBWZXJ0cmllYnMlMjUyMEdtYmglMjE1ZTAlMjEzbTIlMjExc2VuJTIxMnN0ciUyMTR2MTY0NTE5MDkwMTk1NCUyMTVtMiUyMTFzZW4lMjEyc3RyJTIyJTIwd2lkdGglM0QlMjIxMDAlMjUlMjIlMjBoZWlnaHQlM0QlMjI0NTAlMjIlMjBzdHlsZSUzRCUyMmJvcmRlciUzQTAlM0IlMjIlMjBhbGxvd2Z1bGxzY3JlZW4lM0QlMjIlMjIlMjBsb2FkaW5nJTNEJTIybGF6eSUyMiUzRSUzQyUyRmlmcmFtZSUzRQ==[\/vc_raw_html]Igrek Maschinenbau Vertriebs Gmbh Kluserweg 1 58091 Hagen, Deutschland&#105;g&#114;e&#107;&#64;&#x69;g&#x72;e&#x6b;g&#x6d;b&#x68;&#46;&#x64;e T\u00fcrkei[vc_raw_html]JTNDaWZyYW1lJTIwc3JjJTNEJTIyaHR0cHMlM0ElMkYlMkZ3d3cuZ29vZ2xlLmNvbSUyRm1hcHMlMkZlbWJlZCUzRnBiJTNEJTIxMW0xOCUyMTFtMTIlMjExbTMlMjExZDMwNDUuNjM1NzI2MjgyNjgxNCUyMTJkMjguOTY1MTI2MzUxNzg5NDIlMjEzZDQwLjIzOTQwMDg3OTI4NDcxJTIxMm0zJTIxMWYwJTIxMmYwJTIxM2YwJTIxM20yJTIxMWkxMDI0JTIxMmk3NjglMjE0ZjEzLjElMjEzbTMlMjExbTIlMjExczB4MTRjYTE0N2E3YTViODllYiUyNTNBMHhiNjhlY2M4YzNmYTMwMzRlJTIxMnp4TERFbjNKbGF5Qk5ZV3RwYm1FJTIxNWUwJTIxM20yJTIxMXNlbiUyMTJzdHIlMjE0djE2NDUxOTA5NzQ5NjIlMjE1bTIlMjExc2VuJTIxMnN0ciUyMiUyMHdpZHRoJTNEJTIyMTAwJTI1JTIyJTIwaGVpZ2h0JTNEJTIyNDUwJTIyJTIwc3R5bGUlM0QlMjJib3JkZXIlM0EwJTNCJTIyJTIwYWxsb3dmdWxsc2NyZWVuJTNEJTIyJTIyJTIwbG9hZGluZyUzRCUyMmxhenklMjIlM0UlM0MlMkZpZnJhbWUlM0U=[\/vc_raw_html]\u0130\u011frek Makina San. ve Tic. A.\u015e. Fethiyeosb Mah.\/Organizesanayi A.O. S\u00f6nmez Bulv. No:10 16215 Nil\u00fcfer\/BURSA&#43;&#x39;&#48;&#x20;&#40;&#x32;&#50;&#x34;&#41;&#x20;&#50;&#x34;&#51;&#x20;&#49;&#x36;&#32;&#x30;&#54; &#43;&#x39;&#x30;&#32;&#x28;&#x32;&#50;&#x34;&#x29;&#32;&#x32;&#x34;&#51;&#x20;&#x31;&#54;&#x20;&#x30;&#55; &#x2b;&#x39;&#x30;&#x20;&#40;&#50;24)&#x20;&#x32;&#x34;&#x33;&#32;&#49;3 2&#x30; contact&#64;igre&#107;&#46;&#99;&#111;&#109;&#46;&#116;&#114; Kommunikationsformular Um Sie besser zu bedienen und rasche R\u00fcckmeldung zu geben, bitten wir Sie das Kommunikationsformular l\u00fcckenlos auszuf\u00fcllen. Bitte f\u00fcllen Sie dieses Feld aus. Bitte f\u00fcllen Sie...","protected":false},"author":1,"featured_media":0,"parent":0,"menu_order":0,"comment_status":"closed","ping_status":"closed","template":"","meta":{"footnotes":""},"class_list":["post-9385","page","type-page","status-publish","hentry"],"aioseo_notices":[],"_links":{"self":[{"href":"https:\/\/www.igrek.com.tr\/de\/wp-json\/wp\/v2\/pages\/9385","targetHints":{"allow":["GET"]}}],"collection":[{"href":"https:\/\/www.igrek.com.tr\/de\/wp-json\/wp\/v2\/pages"}],"about":[{"href":"https:\/\/www.igrek.com.tr\/de\/wp-json\/wp\/v2\/types\/page"}],"author":[{"embeddable":true,"href":"https:\/\/www.igrek.com.tr\/de\/wp-json\/wp\/v2\/users\/1"}],"replies":[{"embeddable":true,"href":"https:\/\/www.igrek.com.tr\/de\/wp-json\/wp\/v2\/comments?post=9385"}],"version-history":[{"count":16,"href":"https:\/\/www.igrek.com.tr\/de\/wp-json\/wp\/v2\/pages\/9385\/revisions"}],"predecessor-version":[{"id":11013,"href":"https:\/\/www.igrek.com.tr\/de\/wp-json\/wp\/v2\/pages\/9385\/revisions\/11013"}],"wp:attachment":[{"href":"https:\/\/www.igrek.com.tr\/de\/wp-json\/wp\/v2\/media?parent=9385"}],"curies":[{"name":"wp","href":"https:\/\/api.w.org\/{rel}","templated":true}]}}