{"id":10941,"date":"2025-11-24T20:50:34","date_gmt":"2025-11-24T17:50:34","guid":{"rendered":"https:\/\/www.igrek.com.tr\/?page_id=10941"},"modified":"2025-12-08T13:29:29","modified_gmt":"2025-12-08T10:29:29","slug":"e-kataloge","status":"publish","type":"page","link":"https:\/\/www.igrek.com.tr\/de\/e-kataloge\/","title":{"rendered":"E-Kataloge"},"content":{"rendered":"<section class=\"l-section wpb_row height_medium color_primary with_img parallax_hor bgwidth_120\"><div class=\"l-section-img\" role=\"img\" aria-label=\"Bild\" data-img-width=\"2500\" data-img-height=\"768\" style=\"background-image: url(https:\/\/www.igrek.com.tr\/wp-content\/uploads\/2025\/12\/Machines-Composition-BG.jpg);\"><\/div><div class=\"l-section-overlay\" style=\"background:rgba(2,2,2,0.5)\"><\/div><div class=\"l-section-h i-cf\"><div class=\"g-cols vc_row via_flex valign_top type_default stacking_default\"><div class=\"vc_col-sm-12 wpb_column vc_column_container\"><div class=\"vc_column-inner\"><div class=\"wpb_wrapper\"><h1 class=\"w-post-elm post_title align_center entry-title color_link_inherit\">E-Kataloge<\/h1><\/div><\/div><\/div><\/div><\/div><\/section><section class=\"l-section wpb_row block-1 height_auto width_full\"><div class=\"l-section-h i-cf\"><div class=\"g-cols vc_row via_flex valign_top type_default stacking_default\"><div class=\"vc_col-sm-6 wpb_column vc_column_container prodone border-blue prod-1  has_bg_color\"><div class=\"vc_column-inner us_custom_3bfbf98c us_animate_this\"><div class=\"wpb_wrapper\"><div class=\"g-cols wpb_row box via_flex valign_top type_default stacking_default\"><div class=\"vc_col-sm-12 wpb_column vc_column_container has_text_color\"><div class=\"vc_column-inner us_custom_6df4bc3a\"><div class=\"wpb_wrapper\"><div class=\"wpb_text_column us_custom_70facfb4\"><div class=\"wpb_wrapper\"><h5>E-Katalog<\/h5>\n<\/div><\/div><div class=\"wpb_text_column us_custom_94c6f09e\"><div class=\"wpb_wrapper\"><h3>\u0130grek Firmenkatalog<\/h3>\n<\/div><\/div><div class=\"wpb_text_column us_custom_70facfb4\"><div class=\"wpb_wrapper\"><p>Klicken Sie hier, um unseren Katalog herunterzuladen.<\/p>\n<\/div><\/div><div class=\"w-btn-wrapper align_none\"><a class=\"w-btn us-btn-style_3 icon_atright\" target=\"_blank\" rel=\"nofollow\" href=\"https:\/\/www.igrek.com.tr\/wp-content\/uploads\/pdf\/igrek_katalog.pdf\"><span class=\"w-btn-label\">Herunterladen<\/span><i class=\"fal fa-file-pdf\"><\/i><\/a><\/div><\/div><\/div><\/div><\/div><\/div><\/div><\/div><div class=\"vc_col-sm-6 wpb_column vc_column_container prodone prod-2  has_bg_color\"><div class=\"vc_column-inner us_custom_9016062c us_animate_this\"><div class=\"wpb_wrapper\"><div class=\"g-cols wpb_row box via_flex valign_top type_default stacking_default\"><div class=\"vc_col-sm-12 wpb_column vc_column_container has_text_color\"><div class=\"vc_column-inner us_custom_6df4bc3a\"><div class=\"wpb_wrapper\"><div class=\"wpb_text_column us_custom_70facfb4\"><div class=\"wpb_wrapper\"><h5>E-Katalog<\/h5>\n<\/div><\/div><div class=\"wpb_text_column us_custom_94c6f09e\"><div class=\"wpb_wrapper\"><h3>\u0130grek Werkzeugmaschinenkatalog<\/h3>\n<\/div><\/div><div class=\"wpb_text_column us_custom_70facfb4\"><div class=\"wpb_wrapper\"><p>Klicken Sie hier, um unseren Werkzeugmaschinenkatalog herunterzuladen.<\/p>\n<\/div><\/div><div class=\"w-btn-wrapper align_none\"><a class=\"w-btn us-btn-style_3 icon_atright\" target=\"_blank\" rel=\"nofollow\" href=\"https:\/\/www.igrek.com.tr\/wp-content\/uploads\/pdf\/igrek_igmkatalog.pdf\"><span class=\"w-btn-label\">Herunterladen<\/span><i class=\"fal fa-file-pdf\"><\/i><\/a><\/div><\/div><\/div><\/div><\/div><\/div><\/div><\/div><\/div><\/div><\/section><section class=\"l-section wpb_row block-1 height_auto width_full\"><div class=\"l-section-h i-cf\"><div class=\"g-cols vc_row via_flex valign_top type_default stacking_default\"><div class=\"vc_col-sm-6 wpb_column vc_column_container prodone border-blue prod-1  has_bg_color\"><div class=\"vc_column-inner us_custom_54822227 us_animate_this\"><div class=\"wpb_wrapper\"><div class=\"g-cols wpb_row box via_flex valign_top type_default stacking_default\"><div class=\"vc_col-sm-12 wpb_column vc_column_container has_text_color\"><div class=\"vc_column-inner us_custom_6df4bc3a\"><div class=\"wpb_wrapper\"><div class=\"wpb_text_column us_custom_70facfb4\"><div class=\"wpb_wrapper\"><h5>Igrek Machine Tools<\/h5>\n<\/div><\/div><div class=\"wpb_text_column us_custom_94c6f09e\"><div class=\"wpb_wrapper\"><h3>FR 3500 Gantry-Serie<\/h3>\n<h4>5-Achsen-Portalfr\u00e4smaschinen<\/h4>\n<\/div><\/div><div class=\"wpb_text_column us_custom_70facfb4\"><div class=\"wpb_wrapper\"><p>Klicken Sie hier, um unseren Katalog herunterzuladen.<\/p>\n<\/div><\/div><div class=\"w-btn-wrapper align_none\"><a class=\"w-btn us-btn-style_3 icon_atright\" target=\"_blank\" rel=\"nofollow\" href=\"https:\/\/www.igrek.com.tr\/e-catalogs\/FR3500 Series 25.pdf\"><span class=\"w-btn-label\">Herunterladen<\/span><i class=\"fal fa-file-pdf\"><\/i><\/a><\/div><\/div><\/div><\/div><\/div><\/div><\/div><\/div><div class=\"vc_col-sm-6 wpb_column vc_column_container prodone prod-2  has_bg_color\"><div class=\"vc_column-inner us_custom_dd64157f us_animate_this\"><div class=\"wpb_wrapper\"><div class=\"g-cols wpb_row box via_flex valign_top type_default stacking_default\"><div class=\"vc_col-sm-12 wpb_column vc_column_container has_text_color\"><div class=\"vc_column-inner us_custom_6df4bc3a\"><div class=\"wpb_wrapper\"><div class=\"wpb_text_column us_custom_70facfb4\"><div class=\"wpb_wrapper\"><h5>Igrek Machine Tools<\/h5>\n<\/div><\/div><div class=\"wpb_text_column us_custom_94c6f09e\"><div class=\"wpb_wrapper\"><h3 class=\"p1\">TT-Serie<\/h3>\n<h4><span>5-Achse Fr\u00e4s &#8211; Dreh Zentren<\/span><\/h4>\n<\/div><\/div><div class=\"wpb_text_column us_custom_70facfb4\"><div class=\"wpb_wrapper\"><p>Klicken Sie hier, um unseren Katalog f\u00fcr Werkzeugmaschinen der TT-Serie herunterzuladen.<\/p>\n<\/div><\/div><div class=\"w-btn-wrapper align_none\"><a class=\"w-btn us-btn-style_3 icon_atright\" target=\"_blank\" rel=\"nofollow\" href=\"https:\/\/www.igrek.com.tr\/e-catalogs\/5 Axis Mill+Turn Machining Centers.pdf\"><span class=\"w-btn-label\">Herunterladen<\/span><i class=\"fal fa-file-pdf\"><\/i><\/a><\/div><\/div><\/div><\/div><\/div><\/div><\/div><\/div><\/div><\/div><\/section>\n","protected":false},"excerpt":{"rendered":"E-KatalogeE-Katalog \u0130grek Firmenkatalog Klicken Sie hier, um unseren Katalog herunterzuladen. HerunterladenE-Katalog \u0130grek Werkzeugmaschinenkatalog Klicken Sie hier, um unseren Werkzeugmaschinenkatalog herunterzuladen. HerunterladenIgrek Machine Tools FR 3500 Gantry-Serie 5-Achsen-Portalfr\u00e4smaschinen Klicken Sie hier, um unseren Katalog herunterzuladen. HerunterladenIgrek Machine Tools TT-Serie 5-Achse Fr\u00e4s &#8211; Dreh Zentren Klicken Sie hier, um unseren Katalog f\u00fcr Werkzeugmaschinen der TT-Serie herunterzuladen. Herunterladen","protected":false},"author":1,"featured_media":0,"parent":0,"menu_order":0,"comment_status":"closed","ping_status":"closed","template":"","meta":{"footnotes":""},"class_list":["post-10941","page","type-page","status-publish","hentry"],"aioseo_notices":[],"_links":{"self":[{"href":"https:\/\/www.igrek.com.tr\/de\/wp-json\/wp\/v2\/pages\/10941","targetHints":{"allow":["GET"]}}],"collection":[{"href":"https:\/\/www.igrek.com.tr\/de\/wp-json\/wp\/v2\/pages"}],"about":[{"href":"https:\/\/www.igrek.com.tr\/de\/wp-json\/wp\/v2\/types\/page"}],"author":[{"embeddable":true,"href":"https:\/\/www.igrek.com.tr\/de\/wp-json\/wp\/v2\/users\/1"}],"replies":[{"embeddable":true,"href":"https:\/\/www.igrek.com.tr\/de\/wp-json\/wp\/v2\/comments?post=10941"}],"version-history":[{"count":11,"href":"https:\/\/www.igrek.com.tr\/de\/wp-json\/wp\/v2\/pages\/10941\/revisions"}],"predecessor-version":[{"id":11645,"href":"https:\/\/www.igrek.com.tr\/de\/wp-json\/wp\/v2\/pages\/10941\/revisions\/11645"}],"wp:attachment":[{"href":"https:\/\/www.igrek.com.tr\/de\/wp-json\/wp\/v2\/media?parent=10941"}],"curies":[{"name":"wp","href":"https:\/\/api.w.org\/{rel}","templated":true}]}}